{"id":6344,"date":"2018-11-30T15:57:36","date_gmt":"2018-11-30T13:57:36","guid":{"rendered":"http:\/\/www.newelo.com\/etusivu\/"},"modified":"2024-07-05T09:21:28","modified_gmt":"2024-07-05T07:21:28","slug":"etusivu","status":"publish","type":"page","link":"https:\/\/www.newelo.com\/fi\/","title":{"rendered":"Etusivu"},"content":{"rendered":"<div class=\"wpb-content-wrapper\">[vc_section full_width=&#8221;stretch_row&#8221; full_height=&#8221;yes&#8221; content_placement=&#8221;middle&#8221; parallax=&#8221;content-moving&#8221; parallax_image=&#8221;6226&#8243; parallax_speed_bg=&#8221;2&#8243;][vc_row][vc_column][mk_padding_divider size=&#8221;10&#8243;][mk_padding_divider size=&#8221;20&#8243;][\/vc_column][\/vc_row][vc_row][vc_column width=&#8221;1\/2&#8243;][vc_single_image image=&#8221;6239&#8243; img_size=&#8221;large&#8221; alignment=&#8221;center&#8221;][\/vc_column][vc_column width=&#8221;1\/2&#8243;][mk_fancy_title color=&#8221;#ffffff&#8221; size=&#8221;29&#8243; force_font_size=&#8221;true&#8221; size_smallscreen=&#8221;25&#8243; size_tablet=&#8221;20&#8243; size_phone=&#8221;18&#8243; txt_transform=&#8221;uppercase&#8221; font_family=&#8221;none&#8221; align=&#8221;center&#8221;]Ohjelmistokumppanisi liiketoiminnan prosessien kehitykseen[\/mk_fancy_title][mk_padding_divider size=&#8221;10&#8243;][mk_fancy_title color=&#8221;#ffffff&#8221; size=&#8221;48&#8243; force_font_size=&#8221;true&#8221; size_smallscreen=&#8221;36&#8243; size_tablet=&#8221;28&#8243; size_phone=&#8221;24&#8243; font_weight=&#8221;600&#8243; txt_transform=&#8221;uppercase&#8221; font_family=&#8221;none&#8221; align=&#8221;center&#8221;]Paranna p\u00e4\u00e4t\u00f6ksentekoa<br \/>\nja lis\u00e4\u00e4 tuottavuutta[\/mk_fancy_title][mk_padding_divider size=&#8221;10&#8243;][vc_row_inner][vc_column_inner width=&#8221;1\/2&#8243;][mk_button dimension=&#8221;flat&#8221; corner_style=&#8221;full_rounded&#8221; size=&#8221;large&#8221; url=&#8221;#book1&#8243; align=&#8221;center&#8221; margin_right=&#8221;5&#8243; bg_color=&#8221;#6340c7&#8243; btn_hover_bg=&#8221;#3200a8&#8243;]VARAA TAPAAMINEN[\/mk_button][\/vc_column_inner][vc_column_inner width=&#8221;1\/2&#8243;][mk_button dimension=&#8221;outline&#8221; corner_style=&#8221;full_rounded&#8221; size=&#8221;large&#8221; url=&#8221;\/palvelut&#8221; align=&#8221;center&#8221; outline_skin=&#8221;light&#8221;]LIS\u00c4TIETOJA[\/mk_button][\/vc_column_inner][\/vc_row_inner][\/vc_column][\/vc_row][vc_row][vc_column][mk_padding_divider size=&#8221;10&#8243;][mk_fancy_title color=&#8221;#ffffff&#8221; size=&#8221;29&#8243; force_font_size=&#8221;true&#8221; size_smallscreen=&#8221;25&#8243; size_tablet=&#8221;20&#8243; size_phone=&#8221;18&#8243; txt_transform=&#8221;none&#8221; font_family=&#8221;none&#8221; align=&#8221;center&#8221;]\n<p>Toteutamme digitaaliset hankkeesi \u00e4lykk\u00e4\u00e4sti, kest\u00e4v\u00e4sti ja k\u00e4ytt\u00e4j\u00e4\u00e4 ilahduttavasti. Intohimomme on asiakkaidemme liiketoiminnan kehitt\u00e4minen jatkuvasti muuttuvassa digitaalisessa ymp\u00e4rist\u00f6ss\u00e4.<\/p>\n[\/mk_fancy_title][mk_padding_divider size=&#8221;30&#8243;][vc_single_image image=&#8221;5644&#8243; img_size=&#8221;medium&#8221; alignment=&#8221;center&#8221;][mk_padding_divider size=&#8221;30&#8243;][\/vc_column][vc_column][\/vc_column][\/vc_row][\/vc_section][vc_section][vc_row][vc_column][mk_padding_divider size=&#8221;80&#8243;][vc_column_text css=&#8221;.vc_custom_1562674325689{margin-bottom: 0px !important;}&#8221;]\n<h2 style=\"text-align: center;\">Miten digitalisaatio parantaa liiketoimintaasi?<\/h2>\n[\/vc_column_text][mk_padding_divider size=&#8221;80&#8243;][\/vc_column][\/vc_row][vc_row][vc_column width=&#8221;1\/6&#8243;][mk_padding_divider size=&#8221;30&#8243;][vc_single_image image=&#8221;5772&#8243; img_size=&#8221;100&#215;100&#8243; alignment=&#8221;center&#8221;][\/vc_column][vc_column width=&#8221;1\/3&#8243;][vc_column_text margin_bottom=&#8221;40&#8243; css=&#8221;.vc_custom_1562674676226{margin-bottom: 0px !important;}&#8221;]\n<h4><strong>Optimoi liiketoiminnan prosessit<\/strong><\/h4>\n<p>Automatisoimalla t\u00f6iden ohjaus, raportointi sek\u00e4 reaaliaikaisilla yhteyksill\u00e4 tarvittaviin tietoj\u00e4rjestelmiin varmistavat tiedon kulun, laadun ja virheett\u00f6myyden.[\/vc_column_text][\/vc_column][vc_column width=&#8221;1\/6&#8243;][mk_padding_divider size=&#8221;30&#8243;][vc_single_image image=&#8221;5770&#8243; img_size=&#8221;100&#215;100&#8243; alignment=&#8221;center&#8221;][\/vc_column][vc_column width=&#8221;1\/3&#8243;][vc_column_text margin_bottom=&#8221;40&#8243; css=&#8221;.vc_custom_1620379424938{margin-bottom: 0px !important;}&#8221;]\n<h4><strong>Paranna n\u00e4kyvyytt\u00e4 kent\u00e4lle mobiilikartoilla<\/strong><\/h4>\n<p>Digitaalinen kartta antaa kentt\u00e4ty\u00f6n tekij\u00f6ille reaaliaikaisen tiedon verkoista, laitteista ja asiakkaista. Newelo visualisoi tiedon monesta eri tietoj\u00e4rjestelm\u00e4st\u00e4 samaan n\u00e4kym\u00e4\u00e4n, esim.\u00a0 IoT, s\u00e4hk\u00f6- ja tietoverkot tai \u00e4lykaupungin infra.<\/p>\n[\/vc_column_text][\/vc_column][\/vc_row][vc_row][vc_column width=&#8221;1\/6&#8243;][mk_padding_divider size=&#8221;30&#8243;][vc_single_image image=&#8221;5771&#8243; img_size=&#8221;100&#215;100&#8243; alignment=&#8221;center&#8221;][\/vc_column][vc_column width=&#8221;1\/3&#8243;][vc_column_text css=&#8221;.vc_custom_1582009198109{margin-bottom: 0px !important;}&#8221;]\n<h4>Paranna resurssien ja toimittajien hallintaa<\/h4>\n<p>Keskitetty ratkaisu ty\u00f6teht\u00e4vien v\u00e4litt\u00e4miseen kentt\u00e4ty\u00f6n tekij\u00f6ille ja alihankkijoille sek\u00e4 omaisuuden hallintaan. Pelk\u00e4st\u00e4\u00e4n automatisoitu raportointi lyhent\u00e4\u00e4 jopa 30% ty\u00f6teht\u00e4viin kuluvaa aikaa ja poistaa paperity\u00f6n vaivan.[\/vc_column_text][\/vc_column][vc_column width=&#8221;1\/6&#8243;][mk_padding_divider size=&#8221;30&#8243;][vc_single_image image=&#8221;5769&#8243; img_size=&#8221;100&#215;100&#8243; alignment=&#8221;center&#8221;][\/vc_column][vc_column width=&#8221;1\/3&#8243;][vc_column_text css=&#8221;.vc_custom_1620379281546{margin-bottom: 0px !important;}&#8221;]\n<h4><b>Paranna p\u00e4\u00e4t\u00f6ksentekoa analytiikalla<\/b><\/h4>\n<p>Analysoimalla kentt\u00e4ty\u00f6st\u00e4 syntyv\u00e4\u00e4 tietoa n\u00e4et tuottavuustrendit ja l\u00f6yd\u00e4t keinot tehokkuuden parantamiseen ja korjaaviin toimenpiteisiin.<\/p>\n[\/vc_column_text][\/vc_column][\/vc_row][vc_row][vc_column][mk_padding_divider size=&#8221;80&#8243;][\/vc_column][\/vc_row][\/vc_section][vc_section full_width=&#8221;stretch_row&#8221; full_height=&#8221;yes&#8221; parallax=&#8221;content-moving&#8221; parallax_image=&#8221;6197&#8243; parallax_speed_bg=&#8221;2&#8243;][vc_row][vc_column][mk_padding_divider size=&#8221;100&#8243;][mk_fancy_title strip_tags=&#8221;true&#8221; color=&#8221;#ffffff&#8221; size=&#8221;40&#8243; force_font_size=&#8221;true&#8221; size_smallscreen=&#8221;32&#8243; size_tablet=&#8221;24&#8243; size_phone=&#8221;20&#8243; font_weight=&#8221;600&#8243; txt_transform=&#8221;none&#8221; margin_bottom=&#8221;0&#8243; font_family=&#8221;none&#8221; align=&#8221;center&#8221;]<b>Paranna liiketoiminnan prosesseja Newelon kanssa<\/b>[\/mk_fancy_title][mk_fancy_title strip_tags=&#8221;true&#8221; tag_name=&#8221;h4&#8243; color=&#8221;#ffffff&#8221; size=&#8221;24&#8243; force_font_size=&#8221;true&#8221; size_smallscreen=&#8221;20&#8243; size_tablet=&#8221;18&#8243; size_phone=&#8221;16&#8243; font_weight=&#8221;400&#8243; txt_transform=&#8221;none&#8221; margin_bottom=&#8221;0&#8243; font_family=&#8221;none&#8221; align=&#8221;center&#8221;]Kaikki t\u00e4rke\u00e4t ty\u00f6tiedot ja -data ovat aina mukanasi puhelimessa tai tabletissa.[\/mk_fancy_title][mk_padding_divider size=&#8221;60&#8243;][\/vc_column][\/vc_row][vc_row][vc_column width=&#8221;1\/2&#8243;][mk_padding_divider][vc_column_text el_class=&#8221;whitetext&#8221; css=&#8221;.vc_custom_1620379565070{margin-bottom: 0px !important;}&#8221;]\n<h4 class=\"whitetxt\">Kansainv\u00e4lisesti todistettua teknologiaa<\/h4>\n<p>Toimituksia 20 maahan 30 000 kentt\u00e4ty\u00f6ntekij\u00e4lle asiakkaiden liiketoiminnan operaatioissa.<\/p>\n<p>&nbsp;<\/p>\n<h4 class=\"whitetxt\">Kentt\u00e4ty\u00f6ntekij\u00f6iden kehuma k\u00e4ytett\u00e4vyys<\/h4>\n<p>Aidot Android, iOS ja Windows sovellukset, joustava on-line\/off-line toiminnallisuus ja ylivertaiset digitaaliset mobiilikartat.<\/p>\n<p>&nbsp;<\/p>\n<h4 class=\"whitetxt\">Nopeutta ja joustavuutta SaaS-palvelusta<\/h4>\n<p>Unohda kalliit investoinnit tietoj\u00e4rjestelmiin ja pitk\u00e4t toimitusprojektit.<\/p>\n[\/vc_column_text][mk_padding_divider size=&#8221;60&#8243;][\/vc_column][vc_column width=&#8221;1\/2&#8243;][mk_padding_divider][vc_single_image image=&#8221;6241&#8243; img_size=&#8221;large&#8221; alignment=&#8221;center&#8221;][\/vc_column][\/vc_row][\/vc_section][vc_section][vc_row][vc_column][mk_padding_divider size=&#8221;60&#8243;][vc_column_text css=&#8221;.vc_custom_1540565303580{margin-bottom: 0px !important;}&#8221;]\n<h2 style=\"text-align: center;\">Digitalisoi kentt\u00e4ty\u00f6n operaatiot<\/h2>\n[\/vc_column_text][mk_padding_divider size=&#8221;20&#8243;][vc_single_image image=&#8221;6311&#8243; img_size=&#8221;full&#8221; alignment=&#8221;center&#8221;][mk_padding_divider size=&#8221;10&#8243;][vc_row_inner][vc_column_inner width=&#8221;5\/12&#8243;][vc_column_text css=&#8221;.vc_custom_1582009462333{margin-bottom: 0px !important;}&#8221;]\n<h4>Avaa saumaton tiedonkulku kent\u00e4n ja toimiston v\u00e4lille<\/h4>\n<p>Newelon ratkaisut digitalisoivat kentt\u00e4ty\u00f6n prosessit, ty\u00f6nkulut ja ty\u00f6m\u00e4\u00e4r\u00e4imet. Joustavat ja muokattavat ty\u00f6m\u00e4\u00e4r\u00e4inmallit tuovat tehokkuutta ja selkeytt\u00e4v\u00e4t kentt\u00e4ty\u00f6n suorittamista. Liitynn\u00e4t eri j\u00e4rjestelmiin hoidetaan joustavasti nykyaikaisella API-ohjelmoinnilla.<\/p>\n<p>&nbsp;<\/p>\n<h4>Tee kentt\u00e4ty\u00f6n raportoinnista ja analysoinnista tehokkaampaa<\/h4>\n<p>Newelon \u00e4lykk\u00e4\u00e4t ty\u00f6m\u00e4\u00e4r\u00e4imet tekev\u00e4t tiedonv\u00e4lityksest\u00e4 automaattista ja l\u00e4pin\u00e4kyv\u00e4\u00e4. Raportit ja tehokkuusanalyysit kent\u00e4lt\u00e4 ovat jatkuvasti reaaliaikaisesti tarjolla operatiiviseen johtamiseen ja toiminnan suunnitteluun.[\/vc_column_text][\/vc_column_inner][vc_column_inner width=&#8221;2\/12&#8243;][\/vc_column_inner][vc_column_inner width=&#8221;5\/12&#8243;][vc_column_text css=&#8221;.vc_custom_1582009949031{margin-bottom: 0px !important;}&#8221;]\n<h4>Digitaaliset kartat n\u00e4ytt\u00e4v\u00e4t sen mit\u00e4 paperikartat eiv\u00e4t tied\u00e4<\/h4>\n<p><span class=\"s1\">Mobiiliin p\u00e4\u00e4telaitteeseen suunniteltu karttapalvelu n\u00e4ytt\u00e4\u00e4 verkkokartat tai ty\u00f6pisteet ja paikallistaa huolto- ja vikatilanteet reaaliaikaisesti. Kartta kertoo liiketoimintasi kannalta t\u00e4rke\u00e4t tiedot alueittain \u2013 esim. keskeytykset, laiterikot, asiakkaiden k\u00e4yt\u00f6ss\u00e4 olevat palvelut ja yhteystiedot.<\/span><\/p>\n<p>&nbsp;<\/p>\n<h4><strong>Joustava integraatio tietoj\u00e4rjestelmiin<\/strong><\/h4>\n<p>Newelon ratkaisut integroituvat joustavasti yrityksen nykyisiin tietoj\u00e4rjestelmiin, esim. ERP, CRM, mahdollinen nykyinen ty\u00f6nohjaus sek\u00e4 erilaiset laite- ja verkkotietoj\u00e4rjestelm\u00e4t.[\/vc_column_text][\/vc_column_inner][\/vc_row_inner][mk_padding_divider][vc_column_text css=&#8221;.vc_custom_1527669092417{margin-bottom: 0px !important;}&#8221;]\n<h4 style=\"text-align: center;\">Kysy lis\u00e4\u00e4 asiantuntijoiltamme<\/h4>\n[\/vc_column_text][mk_padding_divider][mk_button dimension=&#8221;flat&#8221; corner_style=&#8221;full_rounded&#8221; size=&#8221;large&#8221; url=&#8221;#book1&#8243; align=&#8221;center&#8221; bg_color=&#8221;#6340c7&#8243; btn_hover_bg=&#8221;#3200a8&#8243;]KYSY LIS\u00c4\u00c4 ASIANTUNTIJOILTAMME[\/mk_button][mk_padding_divider size=&#8221;100&#8243;][\/vc_column][\/vc_row][\/vc_section][vc_section full_width=&#8221;stretch_row&#8221; full_height=&#8221;yes&#8221; parallax=&#8221;content-moving&#8221; parallax_image=&#8221;6198&#8243; parallax_speed_bg=&#8221;2&#8243;][vc_row][vc_column][mk_padding_divider size=&#8221;80&#8243;][mk_fancy_title strip_tags=&#8221;true&#8221; color=&#8221;#ffffff&#8221; size=&#8221;40&#8243; force_font_size=&#8221;true&#8221; size_smallscreen=&#8221;32&#8243; size_tablet=&#8221;24&#8243; size_phone=&#8221;20&#8243; font_weight=&#8221;600&#8243; txt_transform=&#8221;none&#8221; margin_bottom=&#8221;0&#8243; font_family=&#8221;none&#8221; align=&#8221;center&#8221;]Nopea toteutus yrityksesi tarpeisiin[\/mk_fancy_title][mk_padding_divider size=&#8221;24&#8243;][mk_fancy_title strip_tags=&#8221;true&#8221; tag_name=&#8221;h4&#8243; color=&#8221;#ffffff&#8221; size=&#8221;24&#8243; force_font_size=&#8221;true&#8221; size_smallscreen=&#8221;20&#8243; size_tablet=&#8221;18&#8243; size_phone=&#8221;16&#8243; font_weight=&#8221;400&#8243; txt_transform=&#8221;none&#8221; margin_bottom=&#8221;0&#8243; font_family=&#8221;none&#8221; align=&#8221;center&#8221;]Newelon ratkaisua voi kokeilla nopeasti visuaalisen kokeilun tai pilotin avulla. Kokeilu on valmiina k\u00e4ytt\u00f6\u00f6n viikossa omalla testidatallasi.[\/mk_fancy_title][mk_padding_divider size=&#8221;60&#8243;][vc_row_inner][vc_column_inner width=&#8221;1\/6&#8243;][\/vc_column_inner][vc_column_inner width=&#8221;2\/3&#8243;][vc_video link=&#8221;https:\/\/youtu.be\/4Vg_CcHs9eU&#8221;][\/vc_column_inner][vc_column_inner width=&#8221;1\/6&#8243;][\/vc_column_inner][\/vc_row_inner][mk_padding_divider size=&#8221;80&#8243;][\/vc_column][\/vc_row][\/vc_section][vc_section][vc_row][vc_column][mk_padding_divider size=&#8221;100&#8243;][\/vc_column][\/vc_row][vc_row][vc_column width=&#8221;1\/2&#8243;][mk_milestone icon=&#8221;mk-li-pinmap&#8221; icon_size=&#8221;medium&#8221; align=&#8221;center&#8221; stop=&#8221;20&#8243; speed=&#8221;3000&#8243; text=&#8221;MAAT&#8221; text_color=&#8221;#000000&#8243; text_size=&#8221;46&#8243; font_family=&#8221;Lato&#8221; font_type=&#8221;google&#8221; desc_size=&#8221;24&#8243;][\/vc_column][vc_column width=&#8221;1\/2&#8243;][mk_milestone icon=&#8221;mk-icon-child&#8221; icon_size=&#8221;medium&#8221; align=&#8221;center&#8221; stop=&#8221;30000&#8243; speed=&#8221;5000&#8243; text=&#8221;TYYTYV\u00c4IST\u00c4 K\u00c4YTT\u00c4J\u00c4\u00c4&#8221; text_color=&#8221;#000000&#8243; text_size=&#8221;46&#8243; font_family=&#8221;Lato&#8221; font_type=&#8221;google&#8221; desc_size=&#8221;24&#8243;][\/vc_column][\/vc_row][vc_row][vc_column][mk_padding_divider][mk_testimonials style=&#8221;modern&#8221; show_as=&#8221;column&#8221; column=&#8221;2&#8243; count=&#8221;4&#8243; font_style=&#8221;normal&#8221; testimonials=&#8221;5704, 6383&#8243;][\/vc_column][\/vc_row][\/vc_section][vc_section full_width=&#8221;stretch_row&#8221; full_height=&#8221;yes&#8221; parallax=&#8221;content-moving&#8221; parallax_image=&#8221;6199&#8243; parallax_speed_bg=&#8221;2&#8243; el_id=&#8221;book1&#8243;][vc_row][vc_column][mk_padding_divider size=&#8221;100&#8243;][vc_row_inner][vc_column_inner width=&#8221;7\/12&#8243;][vc_single_image image=&#8221;6240&#8243; img_size=&#8221;large&#8221;][\/vc_column_inner][vc_column_inner width=&#8221;5\/12&#8243;][vc_single_image image=&#8221;5644&#8243; img_size=&#8221;medium&#8221;][mk_custom_box corner_radius=&#8221;10&#8243; padding_vertical=&#8221;40&#8243; padding_horizental=&#8221;30&#8243; bg_color=&#8221;#ffffff&#8221;][vc_column_text css=&#8221;.vc_custom_1582016751033{margin-bottom: 0px !important;}&#8221;]\n<h4>Varaa tapaaminen!<\/h4>\n[\/vc_column_text][mk_padding_divider size=&#8221;10&#8243;]\n<div class=\"wpcf7 no-js\" id=\"wpcf7-f5708-o1\" lang=\"en-US\" dir=\"ltr\" data-wpcf7-id=\"5708\">\n<div class=\"screen-reader-response\"><p role=\"status\" aria-live=\"polite\" aria-atomic=\"true\"><\/p> <ul><\/ul><\/div>\n<form action=\"\/fi\/wp-json\/wp\/v2\/pages\/6344#wpcf7-f5708-o1\" method=\"post\" class=\"wpcf7-form init\" aria-label=\"Contact form\" novalidate=\"novalidate\" data-status=\"init\">\n<fieldset class=\"hidden-fields-container\"><input type=\"hidden\" name=\"_wpcf7\" value=\"5708\" \/><input type=\"hidden\" name=\"_wpcf7_version\" value=\"6.1.5\" \/><input type=\"hidden\" name=\"_wpcf7_locale\" value=\"en_US\" \/><input type=\"hidden\" name=\"_wpcf7_unit_tag\" value=\"wpcf7-f5708-o1\" \/><input type=\"hidden\" name=\"_wpcf7_container_post\" value=\"0\" \/><input type=\"hidden\" name=\"_wpcf7_posted_data_hash\" value=\"\" \/><input type=\"hidden\" name=\"_wpcf7_recaptcha_response\" value=\"\" \/>\n<\/fieldset>\n<p><label> Your Name (required)<br \/>\n<span class=\"wpcf7-form-control-wrap\" data-name=\"your-name\"><input size=\"40\" maxlength=\"400\" class=\"wpcf7-form-control wpcf7-text wpcf7-validates-as-required\" aria-required=\"true\" aria-invalid=\"false\" value=\"\" type=\"text\" name=\"your-name\" \/><\/span> <\/label>\n<\/p>\n<p><label> Your Email (required)<br \/>\n<span class=\"wpcf7-form-control-wrap\" data-name=\"your-email\"><input size=\"40\" maxlength=\"400\" class=\"wpcf7-form-control wpcf7-email wpcf7-validates-as-required wpcf7-text wpcf7-validates-as-email\" aria-required=\"true\" aria-invalid=\"false\" value=\"\" type=\"email\" name=\"your-email\" \/><\/span> <\/label>\n<\/p>\n<p><label> Your Phone<br \/>\n<span class=\"wpcf7-form-control-wrap\" data-name=\"your-phone\"><input size=\"40\" maxlength=\"400\" class=\"wpcf7-form-control wpcf7-text\" aria-invalid=\"false\" value=\"\" type=\"text\" name=\"your-phone\" \/><\/span> <\/label>\n<\/p>\n<p><input class=\"wpcf7-form-control wpcf7-submit has-spinner\" type=\"submit\" value=\"Book now\" \/>\n<\/p><input\n                    class=\"apbct_special_field apbct_email_id__wp_contact_form_7\"\n                    name=\"apbct__email_id__wp_contact_form_7\"\n                    aria-label=\"apbct__label_id__wp_contact_form_7\"\n                    type=\"text\" size=\"30\" maxlength=\"200\" autocomplete=\"off\"\n                    value=\"\"\n                \/><p style=\"display: none !important;\" class=\"akismet-fields-container\" data-prefix=\"_wpcf7_ak_\"><label>&#916;<textarea name=\"_wpcf7_ak_hp_textarea\" cols=\"45\" rows=\"8\" maxlength=\"100\"><\/textarea><\/label><input type=\"hidden\" id=\"ak_js_1\" name=\"_wpcf7_ak_js\" value=\"55\"\/><script>document.getElementById( \"ak_js_1\" ).setAttribute( \"value\", ( new Date() ).getTime() );<\/script><\/p><div class=\"wpcf7-response-output\" aria-hidden=\"true\"><\/div>\n<\/form>\n<\/div>\n[\/mk_custom_box][\/vc_column_inner][\/vc_row_inner][mk_padding_divider size=&#8221;100&#8243;][\/vc_column][\/vc_row][\/vc_section]\n<\/div>","protected":false},"excerpt":{"rendered":"<p>[vc_section full_width=&#8221;stretch_row&#8221; full_height=&#8221;yes&#8221; content_placement=&#8221;middle&#8221; parallax=&#8221;content-moving&#8221; parallax_image=&#8221;6226&#8243; parallax_speed_bg=&#8221;2&#8243;][vc_row][vc_column][mk_padding_divider size=&#8221;10&#8243;][mk_padding_divider size=&#8221;20&#8243;][\/vc_column][\/vc_row][vc_row][vc_column width=&#8221;1\/2&#8243;][vc_single_image image=&#8221;6239&#8243; img_size=&#8221;large&#8221; alignment=&#8221;center&#8221;][\/vc_column][vc_column width=&#8221;1\/2&#8243;][mk_fancy_title color=&#8221;#ffffff&#8221; size=&#8221;29&#8243; force_font_size=&#8221;true&#8221; size_smallscreen=&#8221;25&#8243; size_tablet=&#8221;20&#8243; size_phone=&#8221;18&#8243; txt_transform=&#8221;uppercase&#8221; font_family=&#8221;none&#8221; align=&#8221;center&#8221;]Ohjelmistokumppanisi liiketoiminnan prosessien kehitykseen[\/mk_fancy_title][mk_padding_divider size=&#8221;10&#8243;][mk_fancy_title color=&#8221;#ffffff&#8221; size=&#8221;48&#8243; force_font_size=&#8221;true&#8221; size_smallscreen=&#8221;36&#8243; size_tablet=&#8221;28&#8243; size_phone=&#8221;24&#8243; font_weight=&#8221;600&#8243; txt_transform=&#8221;uppercase&#8221; font_family=&#8221;none&#8221; align=&#8221;center&#8221;]Paranna p\u00e4\u00e4t\u00f6ksentekoa ja lis\u00e4\u00e4 tuottavuutta[\/mk_fancy_title][mk_padding_divider size=&#8221;10&#8243;][vc_row_inner][vc_column_inner width=&#8221;1\/2&#8243;][mk_button dimension=&#8221;flat&#8221; corner_style=&#8221;full_rounded&#8221; size=&#8221;large&#8221; url=&#8221;#book1&#8243; align=&#8221;center&#8221; margin_right=&#8221;5&#8243; bg_color=&#8221;#6340c7&#8243; btn_hover_bg=&#8221;#3200a8&#8243;]VARAA TAPAAMINEN[\/mk_button][\/vc_column_inner][vc_column_inner width=&#8221;1\/2&#8243;][mk_button dimension=&#8221;outline&#8221; corner_style=&#8221;full_rounded&#8221; [&hellip;]<\/p>\n","protected":false},"author":1,"featured_media":0,"parent":0,"menu_order":0,"comment_status":"closed","ping_status":"closed","template":"","meta":{"_improvement_type_select":"improve_an_existing","_thumb_yes_seoaic":false,"_frame_yes_seoaic":false,"seoaic_generate_description":"","seoaic_improve_instructions_prompt":"","seoaic_rollback_content_improvement":"","seoaic_idea_thumbnail_generator":"","thumbnail_generated":false,"thumbnail_generate_prompt":"","seoaic_article_description":"","footnotes":""},"class_list":["post-6344","page","type-page","status-publish","hentry"],"yoast_head":"<!-- This site is optimized with the Yoast SEO plugin v27.4 - https:\/\/yoast.com\/product\/yoast-seo-wordpress\/ -->\n<title>Etusivu - Newelo<\/title>\n<meta name=\"description\" content=\"Tarjoamme IT ja ohjelmointi palveluita sek\u00e4 mobiilit ratkaisut ty\u00f6nhallintaan.\" \/>\n<meta name=\"robots\" content=\"index, follow, max-snippet:-1, max-image-preview:large, max-video-preview:-1\" \/>\n<link rel=\"canonical\" href=\"https:\/\/www.newelo.com\/fi\/\" \/>\n<meta property=\"og:locale\" content=\"fi_FI\" \/>\n<meta property=\"og:type\" content=\"article\" \/>\n<meta property=\"og:title\" content=\"Etusivu - Newelo\" \/>\n<meta property=\"og:description\" content=\"Tarjoamme IT ja ohjelmointi palveluita sek\u00e4 mobiilit ratkaisut ty\u00f6nhallintaan.\" \/>\n<meta property=\"og:url\" content=\"https:\/\/www.newelo.com\/fi\/\" \/>\n<meta property=\"og:site_name\" content=\"Newelo\" \/>\n<meta property=\"article:publisher\" content=\"https:\/\/www.facebook.com\/Newelo-374363279748623\/\" \/>\n<meta property=\"article:modified_time\" content=\"2024-07-05T07:21:28+00:00\" \/>\n<meta name=\"twitter:card\" content=\"summary_large_image\" \/>\n<meta name=\"twitter:label1\" content=\"Arvioitu lukuaika\" \/>\n\t<meta name=\"twitter:data1\" content=\"3 minutes\" \/>\n<script type=\"application\/ld+json\" class=\"yoast-schema-graph\">{\"@context\":\"https:\\\/\\\/schema.org\",\"@graph\":[{\"@type\":\"WebPage\",\"@id\":\"https:\\\/\\\/www.newelo.com\\\/fi\\\/\",\"url\":\"https:\\\/\\\/www.newelo.com\\\/fi\\\/\",\"name\":\"Etusivu - Newelo\",\"isPartOf\":{\"@id\":\"https:\\\/\\\/www.newelo.com\\\/#website\"},\"datePublished\":\"2018-11-30T13:57:36+00:00\",\"dateModified\":\"2024-07-05T07:21:28+00:00\",\"description\":\"Tarjoamme IT ja ohjelmointi palveluita sek\u00e4 mobiilit ratkaisut ty\u00f6nhallintaan.\",\"breadcrumb\":{\"@id\":\"https:\\\/\\\/www.newelo.com\\\/fi\\\/#breadcrumb\"},\"inLanguage\":\"fi\",\"potentialAction\":[{\"@type\":\"ReadAction\",\"target\":[\"https:\\\/\\\/www.newelo.com\\\/fi\\\/\"]}]},{\"@type\":\"BreadcrumbList\",\"@id\":\"https:\\\/\\\/www.newelo.com\\\/fi\\\/#breadcrumb\",\"itemListElement\":[{\"@type\":\"ListItem\",\"position\":1,\"name\":\"Home\",\"item\":\"https:\\\/\\\/www.newelo.com\\\/fi\\\/\"},{\"@type\":\"ListItem\",\"position\":2,\"name\":\"Etusivu\"}]},{\"@type\":\"WebSite\",\"@id\":\"https:\\\/\\\/www.newelo.com\\\/#website\",\"url\":\"https:\\\/\\\/www.newelo.com\\\/\",\"name\":\"Newelo\",\"description\":\"Newelo\u2019s cutting-edge technologies make your field operations management easier and more efficient.\",\"potentialAction\":[{\"@type\":\"SearchAction\",\"target\":{\"@type\":\"EntryPoint\",\"urlTemplate\":\"https:\\\/\\\/www.newelo.com\\\/?s={search_term_string}\"},\"query-input\":{\"@type\":\"PropertyValueSpecification\",\"valueRequired\":true,\"valueName\":\"search_term_string\"}}],\"inLanguage\":\"fi\"}]}<\/script>\n<!-- \/ Yoast SEO plugin. -->","yoast_head_json":{"title":"Etusivu - Newelo","description":"Tarjoamme IT ja ohjelmointi palveluita sek\u00e4 mobiilit ratkaisut ty\u00f6nhallintaan.","robots":{"index":"index","follow":"follow","max-snippet":"max-snippet:-1","max-image-preview":"max-image-preview:large","max-video-preview":"max-video-preview:-1"},"canonical":"https:\/\/www.newelo.com\/fi\/","og_locale":"fi_FI","og_type":"article","og_title":"Etusivu - Newelo","og_description":"Tarjoamme IT ja ohjelmointi palveluita sek\u00e4 mobiilit ratkaisut ty\u00f6nhallintaan.","og_url":"https:\/\/www.newelo.com\/fi\/","og_site_name":"Newelo","article_publisher":"https:\/\/www.facebook.com\/Newelo-374363279748623\/","article_modified_time":"2024-07-05T07:21:28+00:00","twitter_card":"summary_large_image","twitter_misc":{"Arvioitu lukuaika":"3 minutes"},"schema":{"@context":"https:\/\/schema.org","@graph":[{"@type":"WebPage","@id":"https:\/\/www.newelo.com\/fi\/","url":"https:\/\/www.newelo.com\/fi\/","name":"Etusivu - Newelo","isPartOf":{"@id":"https:\/\/www.newelo.com\/#website"},"datePublished":"2018-11-30T13:57:36+00:00","dateModified":"2024-07-05T07:21:28+00:00","description":"Tarjoamme IT ja ohjelmointi palveluita sek\u00e4 mobiilit ratkaisut ty\u00f6nhallintaan.","breadcrumb":{"@id":"https:\/\/www.newelo.com\/fi\/#breadcrumb"},"inLanguage":"fi","potentialAction":[{"@type":"ReadAction","target":["https:\/\/www.newelo.com\/fi\/"]}]},{"@type":"BreadcrumbList","@id":"https:\/\/www.newelo.com\/fi\/#breadcrumb","itemListElement":[{"@type":"ListItem","position":1,"name":"Home","item":"https:\/\/www.newelo.com\/fi\/"},{"@type":"ListItem","position":2,"name":"Etusivu"}]},{"@type":"WebSite","@id":"https:\/\/www.newelo.com\/#website","url":"https:\/\/www.newelo.com\/","name":"Newelo","description":"Newelo\u2019s cutting-edge technologies make your field operations management easier and more efficient.","potentialAction":[{"@type":"SearchAction","target":{"@type":"EntryPoint","urlTemplate":"https:\/\/www.newelo.com\/?s={search_term_string}"},"query-input":{"@type":"PropertyValueSpecification","valueRequired":true,"valueName":"search_term_string"}}],"inLanguage":"fi"}]}},"_links":{"self":[{"href":"https:\/\/www.newelo.com\/fi\/wp-json\/wp\/v2\/pages\/6344","targetHints":{"allow":["GET"]}}],"collection":[{"href":"https:\/\/www.newelo.com\/fi\/wp-json\/wp\/v2\/pages"}],"about":[{"href":"https:\/\/www.newelo.com\/fi\/wp-json\/wp\/v2\/types\/page"}],"author":[{"embeddable":true,"href":"https:\/\/www.newelo.com\/fi\/wp-json\/wp\/v2\/users\/1"}],"replies":[{"embeddable":true,"href":"https:\/\/www.newelo.com\/fi\/wp-json\/wp\/v2\/comments?post=6344"}],"version-history":[{"count":2,"href":"https:\/\/www.newelo.com\/fi\/wp-json\/wp\/v2\/pages\/6344\/revisions"}],"predecessor-version":[{"id":6816,"href":"https:\/\/www.newelo.com\/fi\/wp-json\/wp\/v2\/pages\/6344\/revisions\/6816"}],"wp:attachment":[{"href":"https:\/\/www.newelo.com\/fi\/wp-json\/wp\/v2\/media?parent=6344"}],"curies":[{"name":"wp","href":"https:\/\/api.w.org\/{rel}","templated":true}]}}