{"id":5035,"date":"2015-04-21T12:50:58","date_gmt":"2015-04-21T09:50:58","guid":{"rendered":"http:\/\/gamma.newelo.com\/newelo\/?page_id=5035"},"modified":"2021-05-31T14:37:06","modified_gmt":"2021-05-31T12:37:06","slug":"tietoa-meista","status":"publish","type":"page","link":"https:\/\/www.newelo.com\/fi\/tietoa-meista\/","title":{"rendered":"Newelo"},"content":{"rendered":"<div class=\"wpb-content-wrapper\">[vc_row fullwidth=&#8221;true&#8221; padding=&#8221;0&#8243;][vc_column][mk_page_title_box page_title=&#8221;Newelo&#8221; page_subtitle=&#8221;Tietoa meist\u00e4&#8221; section_height=&#8221;480&#8243; bg_image=&#8221;http:\/\/gamma.newelo.com\/newelo\/wp-content\/uploads\/2015\/04\/QAdTsSj8TOOWzlyLn3Rg_14248396556_aefcd9a926_1680_web.jpg&#8221; bg_position=&#8221;center center&#8221; bg_stretch=&#8221;true&#8221; overlay=&#8221;rgba(85,0,205,0.4)&#8221; bg_effects=&#8221;parallax&#8221; font_color=&#8221;#ffffff&#8221; sub_font_color=&#8221;#ffffff&#8221;][\/vc_column][\/vc_row][mk_page_section][vc_column][mk_fancy_title color=&#8221;#393836&#8243; size=&#8221;28&#8243; font_style=&#8221;normal&#8221; margin_bottom=&#8221;18&#8243; font_family=&#8221;none&#8221;]\n<p>Monipuolinen digitaalisen ymp\u00e4rist\u00f6n asiantuntija<\/p>\n[\/mk_fancy_title][vc_column_text css=&#8221;.vc_custom_1622462655150{margin-bottom: 0px !important;}&#8221;]\n<p>Newelo Oy on suomalainen, vuonna 2010 perustettu IT-yritys, joka toteuttaa erilaisia digitaalisia hankkeita \u00e4lykk\u00e4\u00e4sti, kest\u00e4v\u00e4sti ja k\u00e4ytt\u00e4j\u00e4\u00e4 ilahduttavasti. Intohimomme on asiakkaiden liiketoiminnan kehitt\u00e4minen jatkuvasti muuttuvassa digitaalisessa ymp\u00e4rist\u00f6ss\u00e4.<\/p>\n<p><a href=\"https:\/\/www.newelo.com\/fi\/solutions\/\">Ratkaisumme<\/a> tukevat asiakkaan liiketoimintaa, johon uppoudumme syv\u00e4llisesti, jolloin n\u00e4emme olemassa olevien j\u00e4rjestelmien kehityksen tai integroinnin tarpeet. Tavoitteena on esimerkiksi tiedonkeruun, liikkuvuuden tai hallinnan parantaminen \u2013 mik\u00e4 kunkin asiakkaan liiketoiminnassa on keskeist\u00e4.<\/p>\n<p>Palvelumme kattavat my\u00f6s ohjelmistojen ja j\u00e4rjestelmien modernisointia, vienti\u00e4 pilveen, k\u00e4ytett\u00e4vyyden parantamista, k\u00e4ytt\u00f6liittym\u00e4suunnittelua tai ohjelmistokehityst\u00e4 alkaen nollasta. Mik\u00e4\u00e4n digitalisointiin liittyv\u00e4 ei ole meille vierasta!<\/p>\n<p>Newelolla on kokemusta niin energia-alalta, tietoliikenteest\u00e4, valmistavasta teollisuudesta, kiertotaloudesta, julkiselta sektorilta kuin erilaisista yksityisist\u00e4 organisaatioista. Olemme toimittaneet projekteja kansainv\u00e4lisesti yli 20 maahan.<\/p>\n[\/vc_column_text][mk_divider style=&#8221;thin_solid&#8221;][mk_fancy_title color=&#8221;#393836&#8243; size=&#8221;28&#8243; margin_bottom=&#8221;18&#8243; font_family=&#8221;none&#8221;]\n<p>Newelo uudistuu, palvelut kehittyv\u00e4t<\/p>\n[\/mk_fancy_title][vc_column_text css=&#8221;.vc_custom_1622464011087{margin-bottom: 0px !important;}&#8221;]\n<p>Viime vuosina Newelo on kokenut haasteita ja onnistunut luovimaan niist\u00e4 uudistuen ja kasvaen. Kes\u00e4ll\u00e4 2020 Newelo osti ohjelmistotalo Padion, ja yrityksen palveluvalikoimaa on m\u00e4\u00e4r\u00e4tietoisesti kehitetty entist\u00e4kin monipuolisemmaksi.<\/p>\n<p>Muutosten taustalta l\u00f6ytyy turbulenssi, kun vuonna 2019 yrityksen isot, pitk\u00e4t kansainv\u00e4liset asiakassuhteet p\u00e4\u00e4ttyiv\u00e4t Newelosta riippumattomista syist\u00e4 \u00e4killisesti. Tuolloin Newelo oli p\u00e4\u00e4osin keskittynyt ty\u00f6nohjauksen digipalveluihin mutta haasteiden keskell\u00e4 yritys l\u00e4hti hakemaan niiden rinnalle uudenlaista liiketoimintaa ja uutta tuoteportfoliota.<\/p>\n<p>Newelosta hioutui nopeasti digitaalisten hankkeiden \u00e4lyk\u00e4s moniosaaja. Samalla muutettiin strategiaa.<\/p>\n[\/vc_column_text][mk_divider style=&#8221;thin_solid&#8221;][mk_fancy_title color=&#8221;#393836&#8243; size=&#8221;28&#8243; margin_bottom=&#8221;18&#8243; font_family=&#8221;none&#8221;]\n<p>Yritysostot yhten\u00e4 kasvun tien\u00e4<\/p>\n[\/mk_fancy_title][vc_column_text css=&#8221;.vc_custom_1622464398283{margin-bottom: 0px !important;}&#8221;]\n<p>Uuteen strategiaan kuuluu orgaanisen kasvun lis\u00e4ksi kasvu yritysostojen kautta, jos ostettavasta tahosta l\u00f6ytyy sopivaa synergiaa asiakaskunnan ja liiketoiminnan suhteen. Padio-kauppa on osoittautunut onnistuneeksi, sill\u00e4 sen my\u00f6t\u00e4 asiakkaita on voitu palvella aiempaa laaja-alaisemmin.<\/p>\n<p>Operatiivisesti Newelo ja Padio toimivat yhten\u00e4 yhti\u00f6n\u00e4 mutta virallisesti yritykset ovat viel\u00e4 erilliset. Henkil\u00f6kuntaa on yhteens\u00e4 10 \u2013\u00a0lis\u00e4\u00e4 rekrytoidaan syksyll\u00e4 2021.<\/p>\n<p class=\"p1\"><em>Vuonna\u00a02021\u00a0Newelon ja Padion yhteinen liikevaihto on noin 1 ME.<\/em><\/p>\n[\/vc_column_text][mk_divider style=&#8221;thin_solid&#8221;][mk_fancy_title color=&#8221;#393836&#8243; size=&#8221;28&#8243; margin_bottom=&#8221;18&#8243; font_family=&#8221;none&#8221;]\n<p>Ota yhteytt\u00e4 meihin:<\/p>\n[\/mk_fancy_title][mk_employees box_blur=&#8221;false&#8221;][\/vc_column][\/mk_page_section][mk_page_section][vc_column][\/vc_column][\/mk_page_section]\n<\/div>","protected":false},"excerpt":{"rendered":"<p>[vc_row fullwidth=&#8221;true&#8221; padding=&#8221;0&#8243;][vc_column][mk_page_title_box page_title=&#8221;Newelo&#8221; page_subtitle=&#8221;Tietoa meist\u00e4&#8221; section_height=&#8221;480&#8243; bg_image=&#8221;http:\/\/gamma.newelo.com\/newelo\/wp-content\/uploads\/2015\/04\/QAdTsSj8TOOWzlyLn3Rg_14248396556_aefcd9a926_1680_web.jpg&#8221; bg_position=&#8221;center center&#8221; bg_stretch=&#8221;true&#8221; overlay=&#8221;rgba(85,0,205,0.4)&#8221; bg_effects=&#8221;parallax&#8221; font_color=&#8221;#ffffff&#8221; sub_font_color=&#8221;#ffffff&#8221;][\/vc_column][\/vc_row][mk_page_section][vc_column][mk_fancy_title color=&#8221;#393836&#8243; size=&#8221;28&#8243; font_style=&#8221;normal&#8221; margin_bottom=&#8221;18&#8243; font_family=&#8221;none&#8221;] Monipuolinen digitaalisen ymp\u00e4rist\u00f6n asiantuntija [\/mk_fancy_title][vc_column_text css=&#8221;.vc_custom_1622462655150{margin-bottom: 0px !important;}&#8221;] Newelo Oy on suomalainen, vuonna 2010 perustettu IT-yritys, joka toteuttaa erilaisia digitaalisia hankkeita \u00e4lykk\u00e4\u00e4sti, kest\u00e4v\u00e4sti ja k\u00e4ytt\u00e4j\u00e4\u00e4 ilahduttavasti. Intohimomme on asiakkaiden liiketoiminnan kehitt\u00e4minen jatkuvasti muuttuvassa digitaalisessa ymp\u00e4rist\u00f6ss\u00e4. [&hellip;]<\/p>\n","protected":false},"author":1,"featured_media":0,"parent":0,"menu_order":0,"comment_status":"open","ping_status":"open","template":"","meta":{"_improvement_type_select":"improve_an_existing","_thumb_yes_seoaic":false,"_frame_yes_seoaic":false,"seoaic_generate_description":"","seoaic_improve_instructions_prompt":"","seoaic_rollback_content_improvement":"","seoaic_idea_thumbnail_generator":"","thumbnail_generated":false,"thumbnail_generate_prompt":"","seoaic_article_description":"","footnotes":""},"class_list":["post-5035","page","type-page","status-publish","hentry"],"yoast_head":"<!-- This site is optimized with the Yoast SEO plugin v27.5 - https:\/\/yoast.com\/product\/yoast-seo-wordpress\/ -->\n<title>Newelo -Yritys<\/title>\n<meta name=\"description\" content=\"Newelo on suomalainen, 2010 perustettu mobiilin ty\u00f6nohjauksen eri palveluihin keskittynyt yritys. Me tied\u00e4mme ty\u00f6nteon muotojen muuttuvan!\" \/>\n<meta name=\"robots\" content=\"index, follow, max-snippet:-1, max-image-preview:large, max-video-preview:-1\" \/>\n<link rel=\"canonical\" href=\"https:\/\/www.newelo.com\/fi\/tietoa-meista\/\" \/>\n<meta property=\"og:locale\" content=\"fi_FI\" \/>\n<meta property=\"og:type\" content=\"article\" \/>\n<meta property=\"og:title\" content=\"Newelo -Yritys\" \/>\n<meta property=\"og:description\" content=\"Newelo on suomalainen, 2010 perustettu mobiilin ty\u00f6nohjauksen eri palveluihin keskittynyt yritys. Me tied\u00e4mme ty\u00f6nteon muotojen muuttuvan!\" \/>\n<meta property=\"og:url\" content=\"https:\/\/www.newelo.com\/fi\/tietoa-meista\/\" \/>\n<meta property=\"og:site_name\" content=\"Newelo\" \/>\n<meta property=\"article:publisher\" content=\"https:\/\/www.facebook.com\/Newelo-374363279748623\/\" \/>\n<meta property=\"article:modified_time\" content=\"2021-05-31T12:37:06+00:00\" \/>\n<meta name=\"twitter:card\" content=\"summary_large_image\" \/>\n<meta name=\"twitter:label1\" content=\"Arvioitu lukuaika\" \/>\n\t<meta name=\"twitter:data1\" content=\"2 minutes\" \/>\n<script type=\"application\/ld+json\" class=\"yoast-schema-graph\">{\"@context\":\"https:\\\/\\\/schema.org\",\"@graph\":[{\"@type\":\"WebPage\",\"@id\":\"https:\\\/\\\/www.newelo.com\\\/fi\\\/tietoa-meista\\\/\",\"url\":\"https:\\\/\\\/www.newelo.com\\\/fi\\\/tietoa-meista\\\/\",\"name\":\"Newelo -Yritys\",\"isPartOf\":{\"@id\":\"https:\\\/\\\/www.newelo.com\\\/#website\"},\"datePublished\":\"2015-04-21T09:50:58+00:00\",\"dateModified\":\"2021-05-31T12:37:06+00:00\",\"description\":\"Newelo on suomalainen, 2010 perustettu mobiilin ty\u00f6nohjauksen eri palveluihin keskittynyt yritys. Me tied\u00e4mme ty\u00f6nteon muotojen muuttuvan!\",\"breadcrumb\":{\"@id\":\"https:\\\/\\\/www.newelo.com\\\/fi\\\/tietoa-meista\\\/#breadcrumb\"},\"inLanguage\":\"fi\",\"potentialAction\":[{\"@type\":\"ReadAction\",\"target\":[\"https:\\\/\\\/www.newelo.com\\\/fi\\\/tietoa-meista\\\/\"]}]},{\"@type\":\"BreadcrumbList\",\"@id\":\"https:\\\/\\\/www.newelo.com\\\/fi\\\/tietoa-meista\\\/#breadcrumb\",\"itemListElement\":[{\"@type\":\"ListItem\",\"position\":1,\"name\":\"Home\",\"item\":\"https:\\\/\\\/www.newelo.com\\\/fi\\\/\"},{\"@type\":\"ListItem\",\"position\":2,\"name\":\"Newelo\"}]},{\"@type\":\"WebSite\",\"@id\":\"https:\\\/\\\/www.newelo.com\\\/#website\",\"url\":\"https:\\\/\\\/www.newelo.com\\\/\",\"name\":\"Newelo\",\"description\":\"Newelo\u2019s cutting-edge technologies make your field operations management easier and more efficient.\",\"potentialAction\":[{\"@type\":\"SearchAction\",\"target\":{\"@type\":\"EntryPoint\",\"urlTemplate\":\"https:\\\/\\\/www.newelo.com\\\/?s={search_term_string}\"},\"query-input\":{\"@type\":\"PropertyValueSpecification\",\"valueRequired\":true,\"valueName\":\"search_term_string\"}}],\"inLanguage\":\"fi\"}]}<\/script>\n<!-- \/ Yoast SEO plugin. -->","yoast_head_json":{"title":"Newelo -Yritys","description":"Newelo on suomalainen, 2010 perustettu mobiilin ty\u00f6nohjauksen eri palveluihin keskittynyt yritys. Me tied\u00e4mme ty\u00f6nteon muotojen muuttuvan!","robots":{"index":"index","follow":"follow","max-snippet":"max-snippet:-1","max-image-preview":"max-image-preview:large","max-video-preview":"max-video-preview:-1"},"canonical":"https:\/\/www.newelo.com\/fi\/tietoa-meista\/","og_locale":"fi_FI","og_type":"article","og_title":"Newelo -Yritys","og_description":"Newelo on suomalainen, 2010 perustettu mobiilin ty\u00f6nohjauksen eri palveluihin keskittynyt yritys. Me tied\u00e4mme ty\u00f6nteon muotojen muuttuvan!","og_url":"https:\/\/www.newelo.com\/fi\/tietoa-meista\/","og_site_name":"Newelo","article_publisher":"https:\/\/www.facebook.com\/Newelo-374363279748623\/","article_modified_time":"2021-05-31T12:37:06+00:00","twitter_card":"summary_large_image","twitter_misc":{"Arvioitu lukuaika":"2 minutes"},"schema":{"@context":"https:\/\/schema.org","@graph":[{"@type":"WebPage","@id":"https:\/\/www.newelo.com\/fi\/tietoa-meista\/","url":"https:\/\/www.newelo.com\/fi\/tietoa-meista\/","name":"Newelo -Yritys","isPartOf":{"@id":"https:\/\/www.newelo.com\/#website"},"datePublished":"2015-04-21T09:50:58+00:00","dateModified":"2021-05-31T12:37:06+00:00","description":"Newelo on suomalainen, 2010 perustettu mobiilin ty\u00f6nohjauksen eri palveluihin keskittynyt yritys. Me tied\u00e4mme ty\u00f6nteon muotojen muuttuvan!","breadcrumb":{"@id":"https:\/\/www.newelo.com\/fi\/tietoa-meista\/#breadcrumb"},"inLanguage":"fi","potentialAction":[{"@type":"ReadAction","target":["https:\/\/www.newelo.com\/fi\/tietoa-meista\/"]}]},{"@type":"BreadcrumbList","@id":"https:\/\/www.newelo.com\/fi\/tietoa-meista\/#breadcrumb","itemListElement":[{"@type":"ListItem","position":1,"name":"Home","item":"https:\/\/www.newelo.com\/fi\/"},{"@type":"ListItem","position":2,"name":"Newelo"}]},{"@type":"WebSite","@id":"https:\/\/www.newelo.com\/#website","url":"https:\/\/www.newelo.com\/","name":"Newelo","description":"Newelo\u2019s cutting-edge technologies make your field operations management easier and more efficient.","potentialAction":[{"@type":"SearchAction","target":{"@type":"EntryPoint","urlTemplate":"https:\/\/www.newelo.com\/?s={search_term_string}"},"query-input":{"@type":"PropertyValueSpecification","valueRequired":true,"valueName":"search_term_string"}}],"inLanguage":"fi"}]}},"_links":{"self":[{"href":"https:\/\/www.newelo.com\/fi\/wp-json\/wp\/v2\/pages\/5035","targetHints":{"allow":["GET"]}}],"collection":[{"href":"https:\/\/www.newelo.com\/fi\/wp-json\/wp\/v2\/pages"}],"about":[{"href":"https:\/\/www.newelo.com\/fi\/wp-json\/wp\/v2\/types\/page"}],"author":[{"embeddable":true,"href":"https:\/\/www.newelo.com\/fi\/wp-json\/wp\/v2\/users\/1"}],"replies":[{"embeddable":true,"href":"https:\/\/www.newelo.com\/fi\/wp-json\/wp\/v2\/comments?post=5035"}],"version-history":[{"count":2,"href":"https:\/\/www.newelo.com\/fi\/wp-json\/wp\/v2\/pages\/5035\/revisions"}],"predecessor-version":[{"id":6734,"href":"https:\/\/www.newelo.com\/fi\/wp-json\/wp\/v2\/pages\/5035\/revisions\/6734"}],"wp:attachment":[{"href":"https:\/\/www.newelo.com\/fi\/wp-json\/wp\/v2\/media?parent=5035"}],"curies":[{"name":"wp","href":"https:\/\/api.w.org\/{rel}","templated":true}]}}