{"id":4977,"date":"2015-04-15T17:10:14","date_gmt":"2015-04-15T14:10:14","guid":{"rendered":"http:\/\/gamma.newelo.com\/newelo\/?page_id=4977"},"modified":"2017-10-20T15:15:19","modified_gmt":"2017-10-20T13:15:19","slug":"3-asiaa-alykkaasta-mittaroinnista","status":"publish","type":"page","link":"https:\/\/www.newelo.com\/fi\/3-asiaa-alykkaasta-mittaroinnista\/","title":{"rendered":"Kolme asiaa \u00e4lykk\u00e4\u00e4st\u00e4 mittaroinnista"},"content":{"rendered":"<div class=\"wpb-content-wrapper\">[vc_row fullwidth=&#8221;true&#8221; attached=&#8221;false&#8221; padding=&#8221;0&#8243;][vc_column width=&#8221;1\/1&#8243;][mk_page_title_box page_title=&#8221;\u00c4lyk\u00e4s mittarointi&#8221; section_height=&#8221;502&#8243; bg_type=&#8221;image&#8221; bg_image=&#8221;http:\/\/gamma.newelo.com\/newelo\/wp-content\/uploads\/2015\/04\/iStock_000036808470_XXXLarge_1680_web.jpg&#8221; bg_position=&#8221;left center&#8221; bg_stretch=&#8221;true&#8221; overlay=&#8221;rgba(124,124,124,0.4)&#8221; attachment=&#8221;fixed&#8221; text_align=&#8221;center&#8221; font_size=&#8221;50&#8243; title_letter_spacing=&#8221;3&#8243; font_color=&#8221;#ffffff&#8221; font_weight=&#8221;inherit&#8221; underline=&#8221;true&#8221; padding=&#8221;20&#8243; sub_font_size=&#8221;30&#8243; sub_font_weight=&#8221;inherit&#8221; sub_font_color=&#8221;#ffffff&#8221; bg_effects=&#8221;parallax&#8221; page_subtitle=&#8221;Mitk\u00e4 3 asiaa sinun tulee ymm\u00e4rt\u00e4\u00e4&#8221;][mk_padding_divider size=&#8221;81&#8243;][\/vc_column][\/vc_row][mk_page_section layout_structure=&#8221;full&#8221; attachment=&#8221;scroll&#8221; bg_position=&#8221;left top&#8221; bg_repeat=&#8221;repeat&#8221; bg_stretch=&#8221;false&#8221; enable_3d=&#8221;false&#8221; speed_factor=&#8221;0.3&#8243; bg_video=&#8221;no&#8221; video_source=&#8221;self&#8221; stream_host_website=&#8221;youtube&#8221; video_mask=&#8221;false&#8221; bg_gradient=&#8221;false&#8221; gr_end=&#8221;#1e73be&#8221; video_opacity=&#8221;0.6&#8243; top_shadow=&#8221;false&#8221; section_layout=&#8221;full&#8221; sidebar=&#8221;sidebar-1&#8243; min_height=&#8221;100&#8243; full_width=&#8221;false&#8221; full_height=&#8221;false&#8221; intro_effect=&#8221;false&#8221; padding_top=&#8221;10&#8243; padding_bottom=&#8221;10&#8243; margin_bottom=&#8221;0&#8243; skip_arrow=&#8221;false&#8221; skip_arrow_skin=&#8221;light&#8221; first_page=&#8221;false&#8221; last_page=&#8221;false&#8221;][vc_column width=&#8221;1\/3&#8243;][mk_font_icons icon=&#8221;mk-moon-map-4&#8243; color=&#8221;#ffffff&#8221; size=&#8221;xx-large&#8221; margin_horizental=&#8221;4&#8243; margin_vertical=&#8221;4&#8243; circle=&#8221;true&#8221; circle_color=&#8221;#5600ce&#8221; align=&#8221;center&#8221; target=&#8221;_self&#8221;][\/vc_column][vc_column width=&#8221;2\/3&#8243;][mk_fancy_title tag_name=&#8221;h4&#8243; style=&#8221;false&#8221; color=&#8221;#494949&#8243; size=&#8221;24&#8243; font_weight=&#8221;normal&#8221; font_style=&#8221;inhert&#8221; letter_spacing=&#8221;0&#8243; margin_top=&#8221;0&#8243; margin_bottom=&#8221;18&#8243; font_family=&#8221;Lato&#8221; align=&#8221;left&#8221; font_type=&#8221;google&#8221;]Vie tiedot ja mittarit kartalle, reaaliajassa.[\/mk_fancy_title][vc_column_text disable_pattern=&#8221;true&#8221; align=&#8221;left&#8221; margin_bottom=&#8221;0&#8243;]\n<ul>\n<li class=\"p1\"><span class=\"s1\">Energiamittarit mittarityypeitt\u00e4in ja verkon topologia. <\/span><\/li>\n<li class=\"p1\"><span class=\"s1\">H\u00e4lytt\u00e4v\u00e4t mittarit ja mittarit, joihin ei ole saatu yhteytt\u00e4 informatiivisesti kartalla. <\/span><\/li>\n<li class=\"p1\"><span class=\"s1\">Mittareiden kuuluvuusalueet. <\/span><\/li>\n<li class=\"p1\"><span class=\"s1\">Mahdollisuus mittaustiedon visualisointeihin esim. multienergian kulutushistoriatietoon, kulutus\/tuotto -suhteeseen tai s\u00e4hk\u00f6n laatuun perustuen.<\/span><\/li>\n<\/ul>\n[\/vc_column_text][\/vc_column][\/mk_page_section][vc_row][vc_column width=&#8221;1\/1&#8243;][mk_padding_divider size=&#8221;40&#8243;][mk_divider style=&#8221;thin_solid&#8221; divider_width=&#8221;full_width&#8221; custom_width=&#8221;10&#8243; align=&#8221;center&#8221; border_color=&#8221;#e0e0e0&#8243; thickness=&#8221;1&#8243; margin_top=&#8221;20&#8243; margin_bottom=&#8221;20&#8243;][mk_padding_divider size=&#8221;40&#8243;][\/vc_column][\/vc_row][mk_page_section layout_structure=&#8221;full&#8221; attachment=&#8221;scroll&#8221; bg_position=&#8221;left top&#8221; bg_repeat=&#8221;repeat&#8221; bg_stretch=&#8221;false&#8221; enable_3d=&#8221;false&#8221; speed_factor=&#8221;0.3&#8243; bg_video=&#8221;no&#8221; video_source=&#8221;self&#8221; stream_host_website=&#8221;youtube&#8221; video_mask=&#8221;false&#8221; bg_gradient=&#8221;false&#8221; gr_end=&#8221;#1e73be&#8221; video_opacity=&#8221;0.6&#8243; top_shadow=&#8221;false&#8221; section_layout=&#8221;full&#8221; sidebar=&#8221;sidebar-1&#8243; min_height=&#8221;100&#8243; full_width=&#8221;false&#8221; full_height=&#8221;false&#8221; intro_effect=&#8221;false&#8221; padding_top=&#8221;10&#8243; padding_bottom=&#8221;10&#8243; margin_bottom=&#8221;0&#8243; skip_arrow=&#8221;false&#8221; skip_arrow_skin=&#8221;light&#8221; first_page=&#8221;false&#8221; last_page=&#8221;false&#8221;][vc_column width=&#8221;2\/3&#8243;][mk_fancy_title tag_name=&#8221;h4&#8243; style=&#8221;false&#8221; color=&#8221;#494949&#8243; size=&#8221;24&#8243; font_weight=&#8221;normal&#8221; font_style=&#8221;inhert&#8221; letter_spacing=&#8221;0&#8243; margin_top=&#8221;0&#8243; margin_bottom=&#8221;18&#8243; font_family=&#8221;Lato&#8221; align=&#8221;left&#8221; font_type=&#8221;google&#8221;]Hallitse teht\u00e4vi\u00e4 ja tietoa, yhdist\u00e4en sit\u00e4 \u00e4lykk\u00e4\u00e4sti toisiinsa.[\/mk_fancy_title][vc_column_text disable_pattern=&#8221;true&#8221; align=&#8221;left&#8221; margin_bottom=&#8221;0&#8243;]\n<ul>\n<li class=\"p1\"><span class=\"s1\">V\u00e4lit\u00e4 mittaustietoa vaivattomasti toimistohenkil\u00f6st\u00f6lle sek\u00e4 kent\u00e4lle.<\/span><\/li>\n<li class=\"p1\"><span class=\"s1\">Luo automaattisesti kiireellisyysluokkam\u00e4\u00e4rittelyj\u00e4 ja mittarointikeikkoja sek\u00e4 kerro niist\u00e4 kentt\u00e4v\u00e4en mobiililaitteisiin. <\/span><\/li>\n<li class=\"p1\"><span class=\"s1\">Seuraa t\u00f6iden etenemist\u00e4 ja ker\u00e4\u00e4 tarvittavaa tietoa ja raportteja ty\u00f6n etenemisest\u00e4.<\/span><\/li>\n<\/ul>\n[\/vc_column_text][\/vc_column][vc_column width=&#8221;1\/3&#8243;][mk_font_icons icon=&#8221;mk-moon-mobile&#8221; color=&#8221;#ffffff&#8221; size=&#8221;xx-large&#8221; margin_horizental=&#8221;4&#8243; margin_vertical=&#8221;4&#8243; circle=&#8221;true&#8221; circle_color=&#8221;#5600ce&#8221; align=&#8221;center&#8221; target=&#8221;_self&#8221;][\/vc_column][\/mk_page_section][vc_row][vc_column width=&#8221;1\/1&#8243;][mk_padding_divider size=&#8221;40&#8243;][mk_divider style=&#8221;thin_solid&#8221; divider_width=&#8221;full_width&#8221; custom_width=&#8221;10&#8243; align=&#8221;center&#8221; border_color=&#8221;#e0e0e0&#8243; thickness=&#8221;1&#8243; margin_top=&#8221;20&#8243; margin_bottom=&#8221;20&#8243;][mk_padding_divider size=&#8221;40&#8243;][\/vc_column][\/vc_row][mk_page_section layout_structure=&#8221;full&#8221; attachment=&#8221;scroll&#8221; bg_position=&#8221;left top&#8221; bg_repeat=&#8221;repeat&#8221; bg_stretch=&#8221;false&#8221; enable_3d=&#8221;false&#8221; speed_factor=&#8221;0.3&#8243; bg_video=&#8221;no&#8221; video_source=&#8221;self&#8221; stream_host_website=&#8221;youtube&#8221; video_mask=&#8221;false&#8221; bg_gradient=&#8221;false&#8221; gr_end=&#8221;#1e73be&#8221; video_opacity=&#8221;0.6&#8243; top_shadow=&#8221;false&#8221; section_layout=&#8221;full&#8221; sidebar=&#8221;sidebar-1&#8243; min_height=&#8221;100&#8243; full_width=&#8221;false&#8221; full_height=&#8221;false&#8221; intro_effect=&#8221;false&#8221; padding_top=&#8221;10&#8243; padding_bottom=&#8221;10&#8243; margin_bottom=&#8221;0&#8243; skip_arrow=&#8221;false&#8221; skip_arrow_skin=&#8221;light&#8221; first_page=&#8221;false&#8221; last_page=&#8221;false&#8221;][vc_column width=&#8221;1\/3&#8243;][mk_font_icons icon=&#8221;mk-moon-network&#8221; color=&#8221;#ffffff&#8221; size=&#8221;xx-large&#8221; margin_horizental=&#8221;4&#8243; margin_vertical=&#8221;4&#8243; circle=&#8221;true&#8221; circle_color=&#8221;#5600ce&#8221; align=&#8221;center&#8221; target=&#8221;_self&#8221;][\/vc_column][vc_column width=&#8221;2\/3&#8243;][mk_fancy_title tag_name=&#8221;h4&#8243; style=&#8221;false&#8221; color=&#8221;#494949&#8243; size=&#8221;24&#8243; font_weight=&#8221;normal&#8221; font_style=&#8221;inhert&#8221; letter_spacing=&#8221;0&#8243; margin_top=&#8221;0&#8243; margin_bottom=&#8221;18&#8243; font_family=&#8221;Lato&#8221; align=&#8221;left&#8221; font_type=&#8221;google&#8221;]Helppo liitett\u00e4vyys muihin j\u00e4rjestelmiin:[\/mk_fancy_title][vc_column_text disable_pattern=&#8221;true&#8221; align=&#8221;left&#8221; margin_bottom=&#8221;0&#8243;]\n<ul>\n<li class=\"p1\"><span class=\"s1\">Avoimen rajapinnan avulla Newelo Maps Smart Metering on helppo liitt\u00e4\u00e4 yrityksen olemassa oleviin tietoj\u00e4rjestelmiin. N\u00e4it\u00e4 voivat olla esim. tiedonsiirto AMR-, asiakastieto- ja verkkotietoj\u00e4rjestelm\u00e4t.<\/span><\/li>\n<\/ul>\n[\/vc_column_text][mk_padding_divider size=&#8221;70&#8243;][\/vc_column][\/mk_page_section][mk_page_section layout_structure=&#8221;full&#8221; bg_color=&#8221;#5500cd&#8221; attachment=&#8221;scroll&#8221; bg_position=&#8221;left top&#8221; bg_repeat=&#8221;repeat&#8221; bg_stretch=&#8221;false&#8221; enable_3d=&#8221;false&#8221; speed_factor=&#8221;0.3&#8243; bg_video=&#8221;no&#8221; video_source=&#8221;self&#8221; stream_host_website=&#8221;youtube&#8221; video_mask=&#8221;false&#8221; bg_gradient=&#8221;false&#8221; gr_end=&#8221;#1e73be&#8221; video_opacity=&#8221;0.6&#8243; top_shadow=&#8221;false&#8221; section_layout=&#8221;full&#8221; sidebar=&#8221;sidebar-1&#8243; min_height=&#8221;100&#8243; full_width=&#8221;false&#8221; full_height=&#8221;false&#8221; intro_effect=&#8221;false&#8221; padding_top=&#8221;40&#8243; padding_bottom=&#8221;10&#8243; margin_bottom=&#8221;0&#8243; skip_arrow=&#8221;false&#8221; skip_arrow_skin=&#8221;light&#8221; first_page=&#8221;false&#8221; last_page=&#8221;false&#8221;][vc_column width=&#8221;2\/3&#8243;][mk_fancy_title tag_name=&#8221;h2&#8243; style=&#8221;false&#8221; color=&#8221;#ffffff&#8221; size=&#8221;30&#8243; font_weight=&#8221;inherit&#8221; font_style=&#8221;inhert&#8221; letter_spacing=&#8221;0&#8243; margin_top=&#8221;0&#8243; margin_bottom=&#8221;18&#8243; font_family=&#8221;none&#8221; align=&#8221;left&#8221;]Kiinnostuitko? Ota yhteytt\u00e4, kerromme mielell\u00e4mme lis\u00e4\u00e4[\/mk_fancy_title][\/vc_column][vc_column width=&#8221;1\/3&#8243;][mk_button dimension=&#8221;outline&#8221; corner_style=&#8221;full_rounded&#8221; size=&#8221;large&#8221; outline_skin=&#8221;custom&#8221; outline_active_color=&#8221;#fff83d&#8221; outline_hover_color=&#8221;#2b007f&#8221; bg_color=&#8221;#6340c7&#8243; btn_hover_bg=&#8221;#252525&#8243; text_color=&#8221;light&#8221; icon_anim=&#8221;none&#8221; target=&#8221;_self&#8221; align=&#8221;left&#8221; fullwidth=&#8221;true&#8221; button_custom_width=&#8221;0&#8243; margin_top=&#8221;0&#8243; margin_bottom=&#8221;15&#8243;]OTA YHTEYTT\u00c4[\/mk_button][mk_fancy_title tag_name=&#8221;h2&#8243; style=&#8221;false&#8221; color=&#8221;#fff93d&#8221; size=&#8221;14&#8243; font_weight=&#8221;inherit&#8221; font_style=&#8221;inhert&#8221; letter_spacing=&#8221;2&#8243; margin_top=&#8221;0&#8243; margin_bottom=&#8221;18&#8243; font_family=&#8221;none&#8221; align=&#8221;left&#8221; txt_transform=&#8221;uppercase&#8221;]\n<p style=\"text-align: center;\">Tai soita heti +358 10 281 0430<\/p>\n[\/mk_fancy_title][\/vc_column][\/mk_page_section]\n<\/div>","protected":false},"excerpt":{"rendered":"<p>[vc_row fullwidth=&#8221;true&#8221; attached=&#8221;false&#8221; padding=&#8221;0&#8243;][vc_column width=&#8221;1\/1&#8243;][mk_page_title_box page_title=&#8221;\u00c4lyk\u00e4s mittarointi&#8221; section_height=&#8221;502&#8243; bg_type=&#8221;image&#8221; bg_image=&#8221;http:\/\/gamma.newelo.com\/newelo\/wp-content\/uploads\/2015\/04\/iStock_000036808470_XXXLarge_1680_web.jpg&#8221; bg_position=&#8221;left center&#8221; bg_stretch=&#8221;true&#8221; overlay=&#8221;rgba(124,124,124,0.4)&#8221; attachment=&#8221;fixed&#8221; text_align=&#8221;center&#8221; font_size=&#8221;50&#8243; title_letter_spacing=&#8221;3&#8243; font_color=&#8221;#ffffff&#8221; font_weight=&#8221;inherit&#8221; underline=&#8221;true&#8221; padding=&#8221;20&#8243; sub_font_size=&#8221;30&#8243; sub_font_weight=&#8221;inherit&#8221; sub_font_color=&#8221;#ffffff&#8221; bg_effects=&#8221;parallax&#8221; page_subtitle=&#8221;Mitk\u00e4 3 asiaa sinun tulee ymm\u00e4rt\u00e4\u00e4&#8221;][mk_padding_divider size=&#8221;81&#8243;][\/vc_column][\/vc_row][mk_page_section layout_structure=&#8221;full&#8221; attachment=&#8221;scroll&#8221; bg_position=&#8221;left top&#8221; bg_repeat=&#8221;repeat&#8221; bg_stretch=&#8221;false&#8221; enable_3d=&#8221;false&#8221; speed_factor=&#8221;0.3&#8243; bg_video=&#8221;no&#8221; video_source=&#8221;self&#8221; stream_host_website=&#8221;youtube&#8221; video_mask=&#8221;false&#8221; bg_gradient=&#8221;false&#8221; gr_end=&#8221;#1e73be&#8221; video_opacity=&#8221;0.6&#8243; top_shadow=&#8221;false&#8221; section_layout=&#8221;full&#8221; sidebar=&#8221;sidebar-1&#8243; min_height=&#8221;100&#8243; full_width=&#8221;false&#8221; full_height=&#8221;false&#8221; intro_effect=&#8221;false&#8221; [&hellip;]<\/p>\n","protected":false},"author":1,"featured_media":0,"parent":0,"menu_order":0,"comment_status":"open","ping_status":"open","template":"","meta":{"_improvement_type_select":"improve_an_existing","_thumb_yes_seoaic":false,"_frame_yes_seoaic":false,"seoaic_generate_description":"","seoaic_improve_instructions_prompt":"","seoaic_rollback_content_improvement":"","seoaic_idea_thumbnail_generator":"","thumbnail_generated":false,"thumbnail_generate_prompt":"","seoaic_article_description":"","footnotes":""},"class_list":["post-4977","page","type-page","status-publish","hentry"],"yoast_head":"<!-- This site is optimized with the Yoast SEO plugin v27.5 - https:\/\/yoast.com\/product\/yoast-seo-wordpress\/ -->\n<title>Newelo - Kolme asiaa \u00e4lykk\u00e4\u00e4st\u00e4 mittaroinnista<\/title>\n<meta name=\"description\" content=\"\u00c4lyk\u00e4s mittarointi on tehokas ty\u00f6v\u00e4line. T\u00e4ss\u00e4 kolme asiaa, jotka sinun tulee ymm\u00e4rt\u00e4\u00e4 \u00e4lykk\u00e4\u00e4st\u00e4 mittaroinnista.\" \/>\n<meta name=\"robots\" content=\"index, follow, max-snippet:-1, max-image-preview:large, max-video-preview:-1\" \/>\n<link rel=\"canonical\" href=\"https:\/\/www.newelo.com\/fi\/3-asiaa-alykkaasta-mittaroinnista\/\" \/>\n<meta property=\"og:locale\" content=\"fi_FI\" \/>\n<meta property=\"og:type\" content=\"article\" \/>\n<meta property=\"og:title\" content=\"Newelo - Kolme asiaa \u00e4lykk\u00e4\u00e4st\u00e4 mittaroinnista\" \/>\n<meta property=\"og:description\" content=\"\u00c4lyk\u00e4s mittarointi on tehokas ty\u00f6v\u00e4line. T\u00e4ss\u00e4 kolme asiaa, jotka sinun tulee ymm\u00e4rt\u00e4\u00e4 \u00e4lykk\u00e4\u00e4st\u00e4 mittaroinnista.\" \/>\n<meta property=\"og:url\" content=\"https:\/\/www.newelo.com\/fi\/3-asiaa-alykkaasta-mittaroinnista\/\" \/>\n<meta property=\"og:site_name\" content=\"Newelo\" \/>\n<meta property=\"article:publisher\" content=\"https:\/\/www.facebook.com\/Newelo-374363279748623\/\" \/>\n<meta property=\"article:modified_time\" content=\"2017-10-20T13:15:19+00:00\" \/>\n<meta name=\"twitter:card\" content=\"summary_large_image\" \/>\n<meta name=\"twitter:label1\" content=\"Arvioitu lukuaika\" \/>\n\t<meta name=\"twitter:data1\" content=\"5 minutes\" \/>\n<script type=\"application\/ld+json\" class=\"yoast-schema-graph\">{\"@context\":\"https:\\\/\\\/schema.org\",\"@graph\":[{\"@type\":\"WebPage\",\"@id\":\"https:\\\/\\\/www.newelo.com\\\/fi\\\/3-asiaa-alykkaasta-mittaroinnista\\\/\",\"url\":\"https:\\\/\\\/www.newelo.com\\\/fi\\\/3-asiaa-alykkaasta-mittaroinnista\\\/\",\"name\":\"Newelo - Kolme asiaa \u00e4lykk\u00e4\u00e4st\u00e4 mittaroinnista\",\"isPartOf\":{\"@id\":\"https:\\\/\\\/www.newelo.com\\\/#website\"},\"datePublished\":\"2015-04-15T14:10:14+00:00\",\"dateModified\":\"2017-10-20T13:15:19+00:00\",\"description\":\"\u00c4lyk\u00e4s mittarointi on tehokas ty\u00f6v\u00e4line. T\u00e4ss\u00e4 kolme asiaa, jotka sinun tulee ymm\u00e4rt\u00e4\u00e4 \u00e4lykk\u00e4\u00e4st\u00e4 mittaroinnista.\",\"breadcrumb\":{\"@id\":\"https:\\\/\\\/www.newelo.com\\\/fi\\\/3-asiaa-alykkaasta-mittaroinnista\\\/#breadcrumb\"},\"inLanguage\":\"fi\",\"potentialAction\":[{\"@type\":\"ReadAction\",\"target\":[\"https:\\\/\\\/www.newelo.com\\\/fi\\\/3-asiaa-alykkaasta-mittaroinnista\\\/\"]}]},{\"@type\":\"BreadcrumbList\",\"@id\":\"https:\\\/\\\/www.newelo.com\\\/fi\\\/3-asiaa-alykkaasta-mittaroinnista\\\/#breadcrumb\",\"itemListElement\":[{\"@type\":\"ListItem\",\"position\":1,\"name\":\"Home\",\"item\":\"https:\\\/\\\/www.newelo.com\\\/fi\\\/\"},{\"@type\":\"ListItem\",\"position\":2,\"name\":\"Kolme asiaa \u00e4lykk\u00e4\u00e4st\u00e4 mittaroinnista\"}]},{\"@type\":\"WebSite\",\"@id\":\"https:\\\/\\\/www.newelo.com\\\/#website\",\"url\":\"https:\\\/\\\/www.newelo.com\\\/\",\"name\":\"Newelo\",\"description\":\"Newelo\u2019s cutting-edge technologies make your field operations management easier and more efficient.\",\"potentialAction\":[{\"@type\":\"SearchAction\",\"target\":{\"@type\":\"EntryPoint\",\"urlTemplate\":\"https:\\\/\\\/www.newelo.com\\\/?s={search_term_string}\"},\"query-input\":{\"@type\":\"PropertyValueSpecification\",\"valueRequired\":true,\"valueName\":\"search_term_string\"}}],\"inLanguage\":\"fi\"}]}<\/script>\n<!-- \/ Yoast SEO plugin. -->","yoast_head_json":{"title":"Newelo - Kolme asiaa \u00e4lykk\u00e4\u00e4st\u00e4 mittaroinnista","description":"\u00c4lyk\u00e4s mittarointi on tehokas ty\u00f6v\u00e4line. T\u00e4ss\u00e4 kolme asiaa, jotka sinun tulee ymm\u00e4rt\u00e4\u00e4 \u00e4lykk\u00e4\u00e4st\u00e4 mittaroinnista.","robots":{"index":"index","follow":"follow","max-snippet":"max-snippet:-1","max-image-preview":"max-image-preview:large","max-video-preview":"max-video-preview:-1"},"canonical":"https:\/\/www.newelo.com\/fi\/3-asiaa-alykkaasta-mittaroinnista\/","og_locale":"fi_FI","og_type":"article","og_title":"Newelo - Kolme asiaa \u00e4lykk\u00e4\u00e4st\u00e4 mittaroinnista","og_description":"\u00c4lyk\u00e4s mittarointi on tehokas ty\u00f6v\u00e4line. T\u00e4ss\u00e4 kolme asiaa, jotka sinun tulee ymm\u00e4rt\u00e4\u00e4 \u00e4lykk\u00e4\u00e4st\u00e4 mittaroinnista.","og_url":"https:\/\/www.newelo.com\/fi\/3-asiaa-alykkaasta-mittaroinnista\/","og_site_name":"Newelo","article_publisher":"https:\/\/www.facebook.com\/Newelo-374363279748623\/","article_modified_time":"2017-10-20T13:15:19+00:00","twitter_card":"summary_large_image","twitter_misc":{"Arvioitu lukuaika":"5 minutes"},"schema":{"@context":"https:\/\/schema.org","@graph":[{"@type":"WebPage","@id":"https:\/\/www.newelo.com\/fi\/3-asiaa-alykkaasta-mittaroinnista\/","url":"https:\/\/www.newelo.com\/fi\/3-asiaa-alykkaasta-mittaroinnista\/","name":"Newelo - Kolme asiaa \u00e4lykk\u00e4\u00e4st\u00e4 mittaroinnista","isPartOf":{"@id":"https:\/\/www.newelo.com\/#website"},"datePublished":"2015-04-15T14:10:14+00:00","dateModified":"2017-10-20T13:15:19+00:00","description":"\u00c4lyk\u00e4s mittarointi on tehokas ty\u00f6v\u00e4line. T\u00e4ss\u00e4 kolme asiaa, jotka sinun tulee ymm\u00e4rt\u00e4\u00e4 \u00e4lykk\u00e4\u00e4st\u00e4 mittaroinnista.","breadcrumb":{"@id":"https:\/\/www.newelo.com\/fi\/3-asiaa-alykkaasta-mittaroinnista\/#breadcrumb"},"inLanguage":"fi","potentialAction":[{"@type":"ReadAction","target":["https:\/\/www.newelo.com\/fi\/3-asiaa-alykkaasta-mittaroinnista\/"]}]},{"@type":"BreadcrumbList","@id":"https:\/\/www.newelo.com\/fi\/3-asiaa-alykkaasta-mittaroinnista\/#breadcrumb","itemListElement":[{"@type":"ListItem","position":1,"name":"Home","item":"https:\/\/www.newelo.com\/fi\/"},{"@type":"ListItem","position":2,"name":"Kolme asiaa \u00e4lykk\u00e4\u00e4st\u00e4 mittaroinnista"}]},{"@type":"WebSite","@id":"https:\/\/www.newelo.com\/#website","url":"https:\/\/www.newelo.com\/","name":"Newelo","description":"Newelo\u2019s cutting-edge technologies make your field operations management easier and more efficient.","potentialAction":[{"@type":"SearchAction","target":{"@type":"EntryPoint","urlTemplate":"https:\/\/www.newelo.com\/?s={search_term_string}"},"query-input":{"@type":"PropertyValueSpecification","valueRequired":true,"valueName":"search_term_string"}}],"inLanguage":"fi"}]}},"_links":{"self":[{"href":"https:\/\/www.newelo.com\/fi\/wp-json\/wp\/v2\/pages\/4977","targetHints":{"allow":["GET"]}}],"collection":[{"href":"https:\/\/www.newelo.com\/fi\/wp-json\/wp\/v2\/pages"}],"about":[{"href":"https:\/\/www.newelo.com\/fi\/wp-json\/wp\/v2\/types\/page"}],"author":[{"embeddable":true,"href":"https:\/\/www.newelo.com\/fi\/wp-json\/wp\/v2\/users\/1"}],"replies":[{"embeddable":true,"href":"https:\/\/www.newelo.com\/fi\/wp-json\/wp\/v2\/comments?post=4977"}],"version-history":[{"count":0,"href":"https:\/\/www.newelo.com\/fi\/wp-json\/wp\/v2\/pages\/4977\/revisions"}],"wp:attachment":[{"href":"https:\/\/www.newelo.com\/fi\/wp-json\/wp\/v2\/media?parent=4977"}],"curies":[{"name":"wp","href":"https:\/\/api.w.org\/{rel}","templated":true}]}}