{"id":122,"date":"2014-08-16T09:10:40","date_gmt":"2014-08-16T09:10:40","guid":{"rendered":"http:\/\/artbees.net\/themes\/jupiter\/big-vision\/?page_id=122"},"modified":"2024-08-09T15:42:27","modified_gmt":"2024-08-09T13:42:27","slug":"ota-yhteytta","status":"publish","type":"page","link":"https:\/\/www.newelo.com\/fi\/ota-yhteytta\/","title":{"rendered":"Ota yhteytt\u00e4"},"content":{"rendered":"<div class=\"wpb-content-wrapper\">[vc_row fullwidth=&#8221;true&#8221; padding=&#8221;0&#8243;][vc_column][mk_page_title_box page_title=&#8221;OTA YHTEYTT\u00c4&#8221; page_subtitle=&#8221;Tee ty\u00f6n tekemisest\u00e4 ja teett\u00e4misest\u00e4 vaivattomampaa ja tehokkaampaa.&#8221; section_height=&#8221;480&#8243; bg_image=&#8221;http:\/\/gamma.newelo.com\/newelo\/wp-content\/uploads\/2015\/04\/picjumbo.com_HNCK2614_1680_web.jpg&#8221; bg_position=&#8221;center top&#8221; bg_stretch=&#8221;true&#8221; overlay=&#8221;rgba(86,0,206,0.65)&#8221; bg_effects=&#8221;parallax&#8221; font_size=&#8221;60&#8243; font_color=&#8221;#ffffff&#8221; font_weight=&#8221;normal&#8221; sub_font_size=&#8221;26&#8243; sub_font_color=&#8221;#ffffff&#8221; sub_font_weight=&#8221;normal&#8221;][\/vc_column][\/vc_row][mk_page_section bg_color=&#8221;#ffffff&#8221; attachment=&#8221;fixed&#8221; bg_repeat=&#8221;no-repeat&#8221; bg_stretch=&#8221;true&#8221; min_height=&#8221;416&#8243; padding_top=&#8221;60&#8243; padding_bottom=&#8221;30&#8243; sidebar=&#8221;sidebar-1&#8243; first_page=&#8221;false&#8221; last_page=&#8221;false&#8221;][vc_column][mk_padding_divider size=&#8221;41&#8243;][vc_row_inner][vc_column_inner width=&#8221;1\/2&#8243;][mk_fancy_title color=&#8221;#393836&#8243; size=&#8221;28&#8243; font_style=&#8221;inhert&#8221; font_family=&#8221;none&#8221;]\n<p>Yhteystiedot<\/p>\n[\/mk_fancy_title][mk_contact_info phone=&#8221;+358 10 281 0430&#8243; email=&#8221;contact@newelo.com&#8221; address=&#8221;H\u00e4meenkatu 10 B, 33100 Tampere, Finland&#8221; company=&#8221;Newelo Oy&#8221; website=&#8221;www.newelo.com&#8221;][mk_padding_divider][mk_advanced_gmaps latitude=&#8221;61.495479&#8243; longitude=&#8221;23.779640&#8243; address=&#8221;Peltokatu 26, 33100 Tampere&#8221; zoom=&#8221;14&#8243;][\/vc_column_inner][vc_column_inner width=&#8221;1\/2&#8243;][mk_fancy_title color=&#8221;#393836&#8243; size=&#8221;28&#8243; font_style=&#8221;inhert&#8221; margin_bottom=&#8221;17&#8243; font_family=&#8221;none&#8221;]\n<p>Ota yhteytt\u00e4<\/p>\n[\/mk_fancy_title]\n<div class=\"wpcf7 no-js\" id=\"wpcf7-f5012-o1\" lang=\"fi\" dir=\"ltr\" data-wpcf7-id=\"5012\">\n<div class=\"screen-reader-response\"><p role=\"status\" aria-live=\"polite\" aria-atomic=\"true\"><\/p> <ul><\/ul><\/div>\n<form action=\"\/fi\/wp-json\/wp\/v2\/pages\/122#wpcf7-f5012-o1\" method=\"post\" class=\"wpcf7-form init\" aria-label=\"Yhteydenottolomake\" novalidate=\"novalidate\" data-status=\"init\">\n<fieldset class=\"hidden-fields-container\"><input type=\"hidden\" name=\"_wpcf7\" value=\"5012\" \/><input type=\"hidden\" name=\"_wpcf7_version\" value=\"6.1.5\" \/><input type=\"hidden\" name=\"_wpcf7_locale\" value=\"fi\" \/><input type=\"hidden\" name=\"_wpcf7_unit_tag\" value=\"wpcf7-f5012-o1\" \/><input type=\"hidden\" name=\"_wpcf7_container_post\" value=\"0\" \/><input type=\"hidden\" name=\"_wpcf7_posted_data_hash\" value=\"\" \/><input type=\"hidden\" name=\"_wpcf7_recaptcha_response\" value=\"\" \/>\n<\/fieldset>\n<p>Nimi (pakollinen)\n<\/p>\n<p><span class=\"wpcf7-form-control-wrap\" data-name=\"your-name\"><input size=\"40\" maxlength=\"400\" class=\"wpcf7-form-control wpcf7-text wpcf7-validates-as-required\" aria-required=\"true\" aria-invalid=\"false\" value=\"\" type=\"text\" name=\"your-name\" \/><\/span>\n<\/p>\n<p>Yritys (pakollinen)\n<\/p>\n<p><span class=\"wpcf7-form-control-wrap\" data-name=\"company\"><input size=\"40\" maxlength=\"400\" class=\"wpcf7-form-control wpcf7-text wpcf7-validates-as-required\" aria-required=\"true\" aria-invalid=\"false\" value=\"\" type=\"text\" name=\"company\" \/><\/span>\n<\/p>\n<p>S\u00e4hk\u00f6posti (pakollinen)\n<\/p>\n<p><span class=\"wpcf7-form-control-wrap\" data-name=\"your-email\"><input size=\"40\" maxlength=\"400\" class=\"wpcf7-form-control wpcf7-email wpcf7-validates-as-required wpcf7-text wpcf7-validates-as-email\" aria-required=\"true\" aria-invalid=\"false\" value=\"\" type=\"email\" name=\"your-email\" \/><\/span>\n<\/p>\n<p>Puhelinnumero\n<\/p>\n<p><span class=\"wpcf7-form-control-wrap\" data-name=\"tel-370\"><input size=\"40\" maxlength=\"400\" class=\"wpcf7-form-control wpcf7-tel wpcf7-text wpcf7-validates-as-tel\" aria-invalid=\"false\" value=\"\" type=\"tel\" name=\"tel-370\" \/><\/span>\n<\/p>\n<p>Aihe\n<\/p>\n<p><span class=\"wpcf7-form-control-wrap\" data-name=\"your-subject\"><input size=\"40\" maxlength=\"400\" class=\"wpcf7-form-control wpcf7-text\" aria-invalid=\"false\" value=\"\" type=\"text\" name=\"your-subject\" \/><\/span>\n<\/p>\n<p>Viesti\n<\/p>\n<p><span class=\"wpcf7-form-control-wrap\" data-name=\"your-message\"><textarea cols=\"40\" rows=\"10\" maxlength=\"2000\" class=\"wpcf7-form-control wpcf7-textarea\" aria-invalid=\"false\" name=\"your-message\"><\/textarea><\/span>\n<\/p>\n<p>Tavoitamme sinut parhaiten\n<\/p>\n<p><span class=\"wpcf7-form-control-wrap\" data-name=\"checkbox-677\"><span class=\"wpcf7-form-control wpcf7-checkbox wpcf7-validates-as-required\"><span class=\"wpcf7-list-item first\"><input type=\"checkbox\" name=\"checkbox-677[]\" value=\"S\u00e4hk\u00f6postitse\" \/><span class=\"wpcf7-list-item-label\">S\u00e4hk\u00f6postitse<\/span><\/span><span class=\"wpcf7-list-item last\"><input type=\"checkbox\" name=\"checkbox-677[]\" value=\"Puhelimitse\" \/><span class=\"wpcf7-list-item-label\">Puhelimitse<\/span><\/span><\/span><\/span>\n<\/p>\n<p><input class=\"wpcf7-form-control wpcf7-submit has-spinner\" type=\"submit\" value=\"L\u00e4het\u00e4\" \/>\n<\/p><input\n                    class=\"apbct_special_field apbct_email_id__wp_contact_form_7\"\n                    name=\"apbct__email_id__wp_contact_form_7\"\n                    aria-label=\"apbct__label_id__wp_contact_form_7\"\n                    type=\"text\" size=\"30\" maxlength=\"200\" autocomplete=\"off\"\n                    value=\"\"\n                \/><p style=\"display: none !important;\" class=\"akismet-fields-container\" data-prefix=\"_wpcf7_ak_\"><label>&#916;<textarea name=\"_wpcf7_ak_hp_textarea\" cols=\"45\" rows=\"8\" maxlength=\"100\"><\/textarea><\/label><input type=\"hidden\" id=\"ak_js_1\" name=\"_wpcf7_ak_js\" value=\"233\"\/><script type=\"text\/javascript\">\n\/* <![CDATA[ *\/\ndocument.getElementById( \"ak_js_1\" ).setAttribute( \"value\", ( new Date() ).getTime() );\n\/* ]]> *\/\n<\/script>\n<\/p><div class=\"wpcf7-response-output\" aria-hidden=\"true\"><\/div>\n<\/form>\n<\/div>\n[\/vc_column_inner][\/vc_row_inner][\/vc_column][\/mk_page_section][mk_page_section][vc_column][mk_fancy_title color=&#8221;#393836&#8243; size=&#8221;28&#8243; font_style=&#8221;inhert&#8221; margin_bottom=&#8221;18&#8243; font_family=&#8221;none&#8221;]\n<p>Yhteyshenkil\u00f6t<\/p>\n[\/mk_fancy_title][mk_employees box_blur=&#8221;false&#8221;][\/vc_column][\/mk_page_section]\n<\/div>","protected":false},"excerpt":{"rendered":"<p>[vc_row fullwidth=&#8221;true&#8221; padding=&#8221;0&#8243;][vc_column][mk_page_title_box page_title=&#8221;OTA YHTEYTT\u00c4&#8221; page_subtitle=&#8221;Tee ty\u00f6n tekemisest\u00e4 ja teett\u00e4misest\u00e4 vaivattomampaa ja tehokkaampaa.&#8221; section_height=&#8221;480&#8243; bg_image=&#8221;http:\/\/gamma.newelo.com\/newelo\/wp-content\/uploads\/2015\/04\/picjumbo.com_HNCK2614_1680_web.jpg&#8221; bg_position=&#8221;center top&#8221; bg_stretch=&#8221;true&#8221; overlay=&#8221;rgba(86,0,206,0.65)&#8221; bg_effects=&#8221;parallax&#8221; font_size=&#8221;60&#8243; font_color=&#8221;#ffffff&#8221; font_weight=&#8221;normal&#8221; sub_font_size=&#8221;26&#8243; sub_font_color=&#8221;#ffffff&#8221; sub_font_weight=&#8221;normal&#8221;][\/vc_column][\/vc_row][mk_page_section bg_color=&#8221;#ffffff&#8221; attachment=&#8221;fixed&#8221; bg_repeat=&#8221;no-repeat&#8221; bg_stretch=&#8221;true&#8221; min_height=&#8221;416&#8243; padding_top=&#8221;60&#8243; padding_bottom=&#8221;30&#8243; sidebar=&#8221;sidebar-1&#8243; first_page=&#8221;false&#8221; last_page=&#8221;false&#8221;][vc_column][mk_padding_divider size=&#8221;41&#8243;][vc_row_inner][vc_column_inner width=&#8221;1\/2&#8243;][mk_fancy_title color=&#8221;#393836&#8243; size=&#8221;28&#8243; font_style=&#8221;inhert&#8221; font_family=&#8221;none&#8221;] Yhteystiedot [\/mk_fancy_title][mk_contact_info phone=&#8221;+358 10 281 0430&#8243; email=&#8221;contact@newelo.com&#8221; address=&#8221;H\u00e4meenkatu 10 B, 33100 Tampere, Finland&#8221; [&hellip;]<\/p>\n","protected":false},"author":1,"featured_media":0,"parent":0,"menu_order":0,"comment_status":"open","ping_status":"open","template":"","meta":{"_improvement_type_select":"improve_an_existing","_thumb_yes_seoaic":false,"_frame_yes_seoaic":false,"seoaic_generate_description":"","seoaic_improve_instructions_prompt":"","seoaic_rollback_content_improvement":"","seoaic_idea_thumbnail_generator":"","thumbnail_generated":false,"thumbnail_generate_prompt":"","seoaic_article_description":"","footnotes":""},"class_list":["post-122","page","type-page","status-publish","hentry"],"yoast_head":"<!-- This site is optimized with the Yoast SEO plugin v27.5 - https:\/\/yoast.com\/product\/yoast-seo-wordpress\/ -->\n<title>Newelo - Ota yhteytt\u00e4<\/title>\n<meta name=\"description\" content=\"Haluatko tiet\u00e4\u00e4, miten palvelumme skaalautuu osaksi omaa liiketoimintaasi? Ota yhteytt\u00e4 lomakkeella tai soita 010 281 0430.\" \/>\n<meta name=\"robots\" content=\"index, follow, max-snippet:-1, max-image-preview:large, max-video-preview:-1\" \/>\n<link rel=\"canonical\" href=\"https:\/\/www.newelo.com\/fi\/ota-yhteytta\/\" \/>\n<meta property=\"og:locale\" content=\"fi_FI\" \/>\n<meta property=\"og:type\" content=\"article\" \/>\n<meta property=\"og:title\" content=\"Newelo - Ota yhteytt\u00e4\" \/>\n<meta property=\"og:description\" content=\"Haluatko tiet\u00e4\u00e4, miten palvelumme skaalautuu osaksi omaa liiketoimintaasi? Ota yhteytt\u00e4 lomakkeella tai soita 010 281 0430.\" \/>\n<meta property=\"og:url\" content=\"https:\/\/www.newelo.com\/fi\/ota-yhteytta\/\" \/>\n<meta property=\"og:site_name\" content=\"Newelo\" \/>\n<meta property=\"article:publisher\" content=\"https:\/\/www.facebook.com\/Newelo-374363279748623\/\" \/>\n<meta property=\"article:modified_time\" content=\"2024-08-09T13:42:27+00:00\" \/>\n<meta name=\"twitter:card\" content=\"summary_large_image\" \/>\n<meta name=\"twitter:label1\" content=\"Arvioitu lukuaika\" \/>\n\t<meta name=\"twitter:data1\" content=\"1 minute\" \/>\n<script type=\"application\/ld+json\" class=\"yoast-schema-graph\">{\"@context\":\"https:\\\/\\\/schema.org\",\"@graph\":[{\"@type\":\"WebPage\",\"@id\":\"https:\\\/\\\/www.newelo.com\\\/fi\\\/ota-yhteytta\\\/\",\"url\":\"https:\\\/\\\/www.newelo.com\\\/fi\\\/ota-yhteytta\\\/\",\"name\":\"Newelo - Ota yhteytt\u00e4\",\"isPartOf\":{\"@id\":\"https:\\\/\\\/www.newelo.com\\\/#website\"},\"datePublished\":\"2014-08-16T09:10:40+00:00\",\"dateModified\":\"2024-08-09T13:42:27+00:00\",\"description\":\"Haluatko tiet\u00e4\u00e4, miten palvelumme skaalautuu osaksi omaa liiketoimintaasi? Ota yhteytt\u00e4 lomakkeella tai soita 010 281 0430.\",\"breadcrumb\":{\"@id\":\"https:\\\/\\\/www.newelo.com\\\/fi\\\/ota-yhteytta\\\/#breadcrumb\"},\"inLanguage\":\"fi\",\"potentialAction\":[{\"@type\":\"ReadAction\",\"target\":[\"https:\\\/\\\/www.newelo.com\\\/fi\\\/ota-yhteytta\\\/\"]}]},{\"@type\":\"BreadcrumbList\",\"@id\":\"https:\\\/\\\/www.newelo.com\\\/fi\\\/ota-yhteytta\\\/#breadcrumb\",\"itemListElement\":[{\"@type\":\"ListItem\",\"position\":1,\"name\":\"Home\",\"item\":\"https:\\\/\\\/www.newelo.com\\\/fi\\\/\"},{\"@type\":\"ListItem\",\"position\":2,\"name\":\"Ota yhteytt\u00e4\"}]},{\"@type\":\"WebSite\",\"@id\":\"https:\\\/\\\/www.newelo.com\\\/#website\",\"url\":\"https:\\\/\\\/www.newelo.com\\\/\",\"name\":\"Newelo\",\"description\":\"Newelo\u2019s cutting-edge technologies make your field operations management easier and more efficient.\",\"potentialAction\":[{\"@type\":\"SearchAction\",\"target\":{\"@type\":\"EntryPoint\",\"urlTemplate\":\"https:\\\/\\\/www.newelo.com\\\/?s={search_term_string}\"},\"query-input\":{\"@type\":\"PropertyValueSpecification\",\"valueRequired\":true,\"valueName\":\"search_term_string\"}}],\"inLanguage\":\"fi\"}]}<\/script>\n<!-- \/ Yoast SEO plugin. -->","yoast_head_json":{"title":"Newelo - Ota yhteytt\u00e4","description":"Haluatko tiet\u00e4\u00e4, miten palvelumme skaalautuu osaksi omaa liiketoimintaasi? Ota yhteytt\u00e4 lomakkeella tai soita 010 281 0430.","robots":{"index":"index","follow":"follow","max-snippet":"max-snippet:-1","max-image-preview":"max-image-preview:large","max-video-preview":"max-video-preview:-1"},"canonical":"https:\/\/www.newelo.com\/fi\/ota-yhteytta\/","og_locale":"fi_FI","og_type":"article","og_title":"Newelo - Ota yhteytt\u00e4","og_description":"Haluatko tiet\u00e4\u00e4, miten palvelumme skaalautuu osaksi omaa liiketoimintaasi? Ota yhteytt\u00e4 lomakkeella tai soita 010 281 0430.","og_url":"https:\/\/www.newelo.com\/fi\/ota-yhteytta\/","og_site_name":"Newelo","article_publisher":"https:\/\/www.facebook.com\/Newelo-374363279748623\/","article_modified_time":"2024-08-09T13:42:27+00:00","twitter_card":"summary_large_image","twitter_misc":{"Arvioitu lukuaika":"1 minute"},"schema":{"@context":"https:\/\/schema.org","@graph":[{"@type":"WebPage","@id":"https:\/\/www.newelo.com\/fi\/ota-yhteytta\/","url":"https:\/\/www.newelo.com\/fi\/ota-yhteytta\/","name":"Newelo - Ota yhteytt\u00e4","isPartOf":{"@id":"https:\/\/www.newelo.com\/#website"},"datePublished":"2014-08-16T09:10:40+00:00","dateModified":"2024-08-09T13:42:27+00:00","description":"Haluatko tiet\u00e4\u00e4, miten palvelumme skaalautuu osaksi omaa liiketoimintaasi? Ota yhteytt\u00e4 lomakkeella tai soita 010 281 0430.","breadcrumb":{"@id":"https:\/\/www.newelo.com\/fi\/ota-yhteytta\/#breadcrumb"},"inLanguage":"fi","potentialAction":[{"@type":"ReadAction","target":["https:\/\/www.newelo.com\/fi\/ota-yhteytta\/"]}]},{"@type":"BreadcrumbList","@id":"https:\/\/www.newelo.com\/fi\/ota-yhteytta\/#breadcrumb","itemListElement":[{"@type":"ListItem","position":1,"name":"Home","item":"https:\/\/www.newelo.com\/fi\/"},{"@type":"ListItem","position":2,"name":"Ota yhteytt\u00e4"}]},{"@type":"WebSite","@id":"https:\/\/www.newelo.com\/#website","url":"https:\/\/www.newelo.com\/","name":"Newelo","description":"Newelo\u2019s cutting-edge technologies make your field operations management easier and more efficient.","potentialAction":[{"@type":"SearchAction","target":{"@type":"EntryPoint","urlTemplate":"https:\/\/www.newelo.com\/?s={search_term_string}"},"query-input":{"@type":"PropertyValueSpecification","valueRequired":true,"valueName":"search_term_string"}}],"inLanguage":"fi"}]}},"_links":{"self":[{"href":"https:\/\/www.newelo.com\/fi\/wp-json\/wp\/v2\/pages\/122","targetHints":{"allow":["GET"]}}],"collection":[{"href":"https:\/\/www.newelo.com\/fi\/wp-json\/wp\/v2\/pages"}],"about":[{"href":"https:\/\/www.newelo.com\/fi\/wp-json\/wp\/v2\/types\/page"}],"author":[{"embeddable":true,"href":"https:\/\/www.newelo.com\/fi\/wp-json\/wp\/v2\/users\/1"}],"replies":[{"embeddable":true,"href":"https:\/\/www.newelo.com\/fi\/wp-json\/wp\/v2\/comments?post=122"}],"version-history":[{"count":1,"href":"https:\/\/www.newelo.com\/fi\/wp-json\/wp\/v2\/pages\/122\/revisions"}],"predecessor-version":[{"id":6966,"href":"https:\/\/www.newelo.com\/fi\/wp-json\/wp\/v2\/pages\/122\/revisions\/6966"}],"wp:attachment":[{"href":"https:\/\/www.newelo.com\/fi\/wp-json\/wp\/v2\/media?parent=122"}],"curies":[{"name":"wp","href":"https:\/\/api.w.org\/{rel}","templated":true}]}}